{"id":2103,"date":"2025-04-14T10:40:40","date_gmt":"2025-04-14T10:40:40","guid":{"rendered":"https:\/\/aslan-food.com\/sklep\/rohrzuckerwuerfel-mit-niedrigem-gi\/"},"modified":"2025-04-14T10:40:40","modified_gmt":"2025-04-14T10:40:40","slug":"rohrzuckerwuerfel-mit-niedrigem-gi","status":"publish","type":"product","link":"https:\/\/aslan-food.com\/de\/sklep\/rohrzuckerwuerfel-mit-niedrigem-gi\/","title":{"rendered":"Rohrzuckerw\u00fcrfel mit niedrigem GI"},"content":{"rendered":"<p class=\"\" data-start=\"97\" data-end=\"160\"><strong data-start=\"97\" data-end=\"160\">Kebok Low IG Rohrzuckerw\u00fcrfel \u2013 Vegan, 300g<\/strong><\/p>\n<p class=\"\" data-start=\"162\" data-end=\"464\">Nat\u00fcrliche S\u00fc\u00dfe ohne Blutzuckerspitzen! Der Kebok-Rohrzuckerw\u00fcrfel mit reduziertem glyk\u00e4mischen Index ist eine ausgezeichnete Wahl f\u00fcr Menschen, die Wert auf eine ausgewogene Ern\u00e4hrung legen. Mit einem niedrigeren GI wird Zucker langsamer aufgenommen, was ein stabiles Energieniveau und weniger Glukoseschwankungen f\u00f6rdert.  <\/p>\n<p class=\"\" data-start=\"466\" data-end=\"647\">\u2714 Niedriger glyk\u00e4mischer Index \u2013 eine bessere Wahl f\u00fcr einen bewussten Lebensstil<br data-start=\"534\" data-end=\"537\">\u2714 Nat\u00fcrliche S\u00fc\u00dfe aus Zuckerrohr<br data-start=\"575\" data-end=\"578\">\u2714 Vegan und ohne k\u00fcnstliche Zusatzstoffe<br data-start=\"614\" data-end=\"617\">\u2714 Ideal f\u00fcr Getr\u00e4nke und Desserts<\/p>\n<p class=\"\" data-start=\"649\" data-end=\"763\">Die 300g-Packung enth\u00e4lt \u00e4sthetische, praktische W\u00fcrfel \u2013 bequem in der Anwendung und freundlich f\u00fcr Ihren Alltag.<\/p>\n","protected":false},"excerpt":{"rendered":"<p>Rohrzuckerw\u00fcrfel mit niedrigem glyk\u00e4mischen Index aus Kebok, vegan, 300g<\/p>\n","protected":false},"featured_media":1176,"comment_status":"closed","ping_status":"closed","template":"","meta":{"_acf_changed":false},"product_brand":[34],"product_cat":[500],"product_tag":[502,503,501],"class_list":{"0":"post-2103","1":"product","2":"type-product","3":"status-publish","4":"has-post-thumbnail","6":"product_brand-kebok","7":"product_cat-zucker","8":"product_tag-rohrzucker","9":"product_tag-wurfelzucker","10":"product_tag-zucker","12":"first","13":"instock","14":"shipping-taxable","15":"purchasable","16":"product-type-simple"},"acf":[],"_links":{"self":[{"href":"https:\/\/aslan-food.com\/de\/wp-json\/wp\/v2\/product\/2103","targetHints":{"allow":["GET"]}}],"collection":[{"href":"https:\/\/aslan-food.com\/de\/wp-json\/wp\/v2\/product"}],"about":[{"href":"https:\/\/aslan-food.com\/de\/wp-json\/wp\/v2\/types\/product"}],"replies":[{"embeddable":true,"href":"https:\/\/aslan-food.com\/de\/wp-json\/wp\/v2\/comments?post=2103"}],"wp:featuredmedia":[{"embeddable":true,"href":"https:\/\/aslan-food.com\/de\/wp-json\/wp\/v2\/media\/1176"}],"wp:attachment":[{"href":"https:\/\/aslan-food.com\/de\/wp-json\/wp\/v2\/media?parent=2103"}],"wp:term":[{"taxonomy":"product_brand","embeddable":true,"href":"https:\/\/aslan-food.com\/de\/wp-json\/wp\/v2\/product_brand?post=2103"},{"taxonomy":"product_cat","embeddable":true,"href":"https:\/\/aslan-food.com\/de\/wp-json\/wp\/v2\/product_cat?post=2103"},{"taxonomy":"product_tag","embeddable":true,"href":"https:\/\/aslan-food.com\/de\/wp-json\/wp\/v2\/product_tag?post=2103"}],"curies":[{"name":"wp","href":"https:\/\/api.w.org\/{rel}","templated":true}]}}