{"id":2092,"date":"2025-04-15T12:09:46","date_gmt":"2025-04-15T12:09:46","guid":{"rendered":"https:\/\/aslan-food.com\/sklep\/weisser-rohrzucker\/"},"modified":"2025-04-15T12:09:46","modified_gmt":"2025-04-15T12:09:46","slug":"weisser-rohrzucker","status":"publish","type":"product","link":"https:\/\/aslan-food.com\/de\/sklep\/weisser-rohrzucker\/","title":{"rendered":"Wei\u00dfer Rohrzucker"},"content":{"rendered":"<p class=\"\" data-start=\"93\" data-end=\"153\"><strong data-start=\"93\" data-end=\"153\">Raffinierter Kebok aus wei\u00dfem Rohrzucker \u2013 vegan, 500g<\/strong><\/p>\n<p class=\"\" data-start=\"155\" data-end=\"448\">Reine S\u00fc\u00dfe in einer nat\u00fcrlichen Version! Raffinierter Wei\u00dfrohrzucker aus Kebok ist eine ideale Alternative zu herk\u00f6mmlichem R\u00fcbenzucker \u2013 er beh\u00e4lt den zarten Geschmack von Zuckerrohr bei und eignet sich dank des Raffinationsverfahrens \u00fcberall dort, wo es auf Neutralit\u00e4t und Vielseitigkeit ankommt. <\/p>\n<p class=\"\" data-start=\"450\" data-end=\"605\">\u2714 Vegan und hochrein<br data-start=\"481\" data-end=\"484\">\u2714 Helle Farbe und neutraler Geschmack<br data-start=\"514\" data-end=\"517\">\u2714 Ideal zum Backen, Trinken und Kochen<br data-start=\"559\" data-end=\"562\">\u2714 Eine tolle Alternative zu R\u00fcbenzucker<\/p>\n<p class=\"\" data-start=\"607\" data-end=\"710\">Die 500g-Packung ist eine praktische Wahl f\u00fcr den Alltag \u2013 zu Hause, im Caf\u00e9 oder in der Restaurantk\u00fcche.<\/p>\n","protected":false},"excerpt":{"rendered":"<p>Raffinierter wei\u00dfer Rohrzucker aus Kebok, vegan, 500g<\/p>\n","protected":false},"featured_media":206,"comment_status":"closed","ping_status":"closed","template":"","meta":{"_acf_changed":false},"product_brand":[34],"product_cat":[500],"product_tag":[506,502,505,501],"class_list":{"0":"post-2092","1":"product","2":"type-product","3":"status-publish","4":"has-post-thumbnail","6":"product_brand-kebok","7":"product_cat-zucker","8":"product_tag-raffinade","9":"product_tag-rohrzucker","10":"product_tag-weiszucker","11":"product_tag-zucker","13":"first","14":"instock","15":"shipping-taxable","16":"purchasable","17":"product-type-simple"},"acf":[],"_links":{"self":[{"href":"https:\/\/aslan-food.com\/de\/wp-json\/wp\/v2\/product\/2092","targetHints":{"allow":["GET"]}}],"collection":[{"href":"https:\/\/aslan-food.com\/de\/wp-json\/wp\/v2\/product"}],"about":[{"href":"https:\/\/aslan-food.com\/de\/wp-json\/wp\/v2\/types\/product"}],"replies":[{"embeddable":true,"href":"https:\/\/aslan-food.com\/de\/wp-json\/wp\/v2\/comments?post=2092"}],"wp:featuredmedia":[{"embeddable":true,"href":"https:\/\/aslan-food.com\/de\/wp-json\/wp\/v2\/media\/206"}],"wp:attachment":[{"href":"https:\/\/aslan-food.com\/de\/wp-json\/wp\/v2\/media?parent=2092"}],"wp:term":[{"taxonomy":"product_brand","embeddable":true,"href":"https:\/\/aslan-food.com\/de\/wp-json\/wp\/v2\/product_brand?post=2092"},{"taxonomy":"product_cat","embeddable":true,"href":"https:\/\/aslan-food.com\/de\/wp-json\/wp\/v2\/product_cat?post=2092"},{"taxonomy":"product_tag","embeddable":true,"href":"https:\/\/aslan-food.com\/de\/wp-json\/wp\/v2\/product_tag?post=2092"}],"curies":[{"name":"wp","href":"https:\/\/api.w.org\/{rel}","templated":true}]}}