{"id":2087,"date":"2025-04-04T13:56:24","date_gmt":"2025-04-04T13:56:24","guid":{"rendered":"https:\/\/aslan-food.com\/sklep\/rohrzuckerwuerfel-mit-antioxidantien\/"},"modified":"2025-04-04T13:56:24","modified_gmt":"2025-04-04T13:56:24","slug":"rohrzuckerwuerfel-mit-antioxidantien","status":"publish","type":"product","link":"https:\/\/aslan-food.com\/de\/sklep\/rohrzuckerwuerfel-mit-antioxidantien\/","title":{"rendered":"Rohrzuckerw\u00fcrfel mit Antioxidantien"},"content":{"rendered":"<p class=\"\" data-start=\"59\" data-end=\"128\"><strong data-start=\"59\" data-end=\"128\">Kebok Rohrzuckerw\u00fcrfel mit Antioxidantien \u2013 Vegan, 300g<\/strong><\/p>\n<p class=\"\" data-start=\"130\" data-end=\"463\">F\u00fcgen Sie S\u00fc\u00dfe auf nat\u00fcrliche Weise hinzu! Ein W\u00fcrfel Kebok-Rohrzucker ist nicht nur ein ausgepr\u00e4gter Geschmack und Karamellaroma, sondern auch eine Portion Antioxidantien, die den K\u00f6rper beim t\u00e4glichen Schutz vor oxidativem Stress unterst\u00fctzen. 100% vegan, mit Liebe zum Detail und Qualit\u00e4t kreiert \u2013 perfekt f\u00fcr Tee, Kaffee, Kr\u00e4utertees oder Desserts.  <\/p>\n<p class=\"\" data-start=\"465\" data-end=\"617\">\u2714 Nat\u00fcrliche Energiequelle<br data-start=\"491\" data-end=\"494\">\u2714 Mit Zusatz von Antioxidantien<br data-start=\"522\" data-end=\"525\">\u2714 Vegan und chemiefrei<br data-start=\"562\" data-end=\"565\">\u2714 Ideal f\u00fcr den t\u00e4glichen Gebrauch zu Hause und in der Gastronomie<\/p>\n<p class=\"\" data-start=\"619\" data-end=\"710\">Die 300g-Packung enth\u00e4lt einfach zu handhabende W\u00fcrfel \u2013 praktisch, \u00e4sthetisch und immer griffbereit.<\/p>\n","protected":false},"excerpt":{"rendered":"<p>Rohrzuckerw\u00fcrfel mit Antioxidantien aus Kebok, vegan, 300g<\/p>\n","protected":false},"featured_media":167,"comment_status":"closed","ping_status":"closed","template":"","meta":{"_acf_changed":false},"product_brand":[34],"product_cat":[500],"product_tag":[504,502,503,501],"class_list":{"0":"post-2087","1":"product","2":"type-product","3":"status-publish","4":"has-post-thumbnail","6":"product_brand-kebok","7":"product_cat-zucker","8":"product_tag-antioxidantien","9":"product_tag-rohrzucker","10":"product_tag-wurfelzucker","11":"product_tag-zucker","13":"first","14":"instock","15":"shipping-taxable","16":"purchasable","17":"product-type-simple"},"acf":[],"_links":{"self":[{"href":"https:\/\/aslan-food.com\/de\/wp-json\/wp\/v2\/product\/2087","targetHints":{"allow":["GET"]}}],"collection":[{"href":"https:\/\/aslan-food.com\/de\/wp-json\/wp\/v2\/product"}],"about":[{"href":"https:\/\/aslan-food.com\/de\/wp-json\/wp\/v2\/types\/product"}],"replies":[{"embeddable":true,"href":"https:\/\/aslan-food.com\/de\/wp-json\/wp\/v2\/comments?post=2087"}],"wp:featuredmedia":[{"embeddable":true,"href":"https:\/\/aslan-food.com\/de\/wp-json\/wp\/v2\/media\/167"}],"wp:attachment":[{"href":"https:\/\/aslan-food.com\/de\/wp-json\/wp\/v2\/media?parent=2087"}],"wp:term":[{"taxonomy":"product_brand","embeddable":true,"href":"https:\/\/aslan-food.com\/de\/wp-json\/wp\/v2\/product_brand?post=2087"},{"taxonomy":"product_cat","embeddable":true,"href":"https:\/\/aslan-food.com\/de\/wp-json\/wp\/v2\/product_cat?post=2087"},{"taxonomy":"product_tag","embeddable":true,"href":"https:\/\/aslan-food.com\/de\/wp-json\/wp\/v2\/product_tag?post=2087"}],"curies":[{"name":"wp","href":"https:\/\/api.w.org\/{rel}","templated":true}]}}