{"id":2086,"date":"2025-04-15T12:58:21","date_gmt":"2025-04-15T12:58:21","guid":{"rendered":"https:\/\/aslan-food.com\/sklep\/bohne\/"},"modified":"2025-04-15T12:58:21","modified_gmt":"2025-04-15T12:58:21","slug":"bohne","status":"publish","type":"product","link":"https:\/\/aslan-food.com\/de\/sklep\/bohne\/","title":{"rendered":"Bohne"},"content":{"rendered":"<p class=\"\" data-start=\"71\" data-end=\"95\"><strong data-start=\"71\" data-end=\"95\">Kebok-Bohnen \u2013 400g<\/strong><\/p>\n<p class=\"\" data-start=\"97\" data-end=\"375\">Voller Geschmack, N\u00e4hrwert und kulinarischer M\u00f6glichkeiten! Kebok-Bohnen sind eine ausgezeichnete Wahl f\u00fcr die t\u00e4gliche K\u00fcche \u2013 perfekt f\u00fcr Suppen, Salate, Eint\u00f6pfe und Eintopfgerichte. Sorgf\u00e4ltig ausgew\u00e4hlt, nat\u00fcrlich und ohne Zusatzstoffe \u2013 es ist eine gro\u00dfartige Quelle f\u00fcr pflanzliches Eiwei\u00df und Ballaststoffe.  <\/p>\n<p class=\"\" data-start=\"377\" data-end=\"541\">\u2714 Nat\u00fcrlich und ohne Konservierungsstoffe<br data-start=\"407\" data-end=\"410\">\u2714 Reich an Proteinen, Ballaststoffen und Mineralien<br data-start=\"458\" data-end=\"461\">\u2714 Ideal f\u00fcr die vegetarische und traditionelle K\u00fcche<br data-start=\"510\" data-end=\"513\">\u2714 Praktische 400g-Verpackung<\/p>\n<p class=\"\" data-start=\"543\" data-end=\"618\">Marida-Bohnen \u2013 f\u00fcr alle, die Wert auf Qualit\u00e4t, Geschmack und Einfachheit beim Kochen legen.<\/p>\n","protected":false},"excerpt":{"rendered":"<p>Bohnen vom Kebok, vegan, 400g<\/p>\n","protected":false},"featured_media":212,"comment_status":"closed","ping_status":"closed","template":"","meta":{"_acf_changed":false},"product_brand":[34],"product_cat":[411],"product_tag":[499],"class_list":{"0":"post-2086","1":"product","2":"type-product","3":"status-publish","4":"has-post-thumbnail","6":"product_brand-kebok","7":"product_cat-schuttguter","8":"product_tag-bohne","10":"first","11":"instock","12":"shipping-taxable","13":"purchasable","14":"product-type-simple"},"acf":[],"_links":{"self":[{"href":"https:\/\/aslan-food.com\/de\/wp-json\/wp\/v2\/product\/2086","targetHints":{"allow":["GET"]}}],"collection":[{"href":"https:\/\/aslan-food.com\/de\/wp-json\/wp\/v2\/product"}],"about":[{"href":"https:\/\/aslan-food.com\/de\/wp-json\/wp\/v2\/types\/product"}],"replies":[{"embeddable":true,"href":"https:\/\/aslan-food.com\/de\/wp-json\/wp\/v2\/comments?post=2086"}],"wp:featuredmedia":[{"embeddable":true,"href":"https:\/\/aslan-food.com\/de\/wp-json\/wp\/v2\/media\/212"}],"wp:attachment":[{"href":"https:\/\/aslan-food.com\/de\/wp-json\/wp\/v2\/media?parent=2086"}],"wp:term":[{"taxonomy":"product_brand","embeddable":true,"href":"https:\/\/aslan-food.com\/de\/wp-json\/wp\/v2\/product_brand?post=2086"},{"taxonomy":"product_cat","embeddable":true,"href":"https:\/\/aslan-food.com\/de\/wp-json\/wp\/v2\/product_cat?post=2086"},{"taxonomy":"product_tag","embeddable":true,"href":"https:\/\/aslan-food.com\/de\/wp-json\/wp\/v2\/product_tag?post=2086"}],"curies":[{"name":"wp","href":"https:\/\/api.w.org\/{rel}","templated":true}]}}