{"id":2081,"date":"2025-04-17T09:11:51","date_gmt":"2025-04-17T09:11:51","guid":{"rendered":"https:\/\/aslan-food.com\/sklep\/kichererbsen\/"},"modified":"2025-04-17T09:11:51","modified_gmt":"2025-04-17T09:11:51","slug":"kichererbsen","status":"publish","type":"product","link":"https:\/\/aslan-food.com\/de\/sklep\/kichererbsen\/","title":{"rendered":"Kichererbsen"},"content":{"rendered":"<p class=\"\" data-start=\"67\" data-end=\"105\"><strong data-start=\"67\" data-end=\"105\">Kebok Kichererbsen \u2013 vegan, 400g<\/strong><\/p>\n<p class=\"\" data-start=\"107\" data-end=\"417\">Reich an pflanzlichem Protein in seiner nat\u00fcrlichen Form! Kebok-Kichererbsen sind eine unersetzliche Zutat in der pflanzlichen und mediterranen K\u00fcche \u2013 perfekt f\u00fcr Hummus, Currys, Suppen, Salate oder selbstgemachte Schnitzel. Der zarte, leicht nussige Geschmack und der hohe N\u00e4hrwert machen ihn zu einer der ges\u00fcndesten Optionen auf dem Teller.  <\/p>\n<p class=\"\" data-start=\"419\" data-end=\"577\">\u2714 100% nat\u00fcrlich, vegan<br data-start=\"445\" data-end=\"448\">\u2714 Eine ausgezeichnete Quelle f\u00fcr Proteine und Ballaststoffe<br data-start=\"484\" data-end=\"487\">\u2714 F\u00fcllend, vielseitig und einfach zuzubereiten<br data-start=\"534\" data-end=\"537\">\u2714 ohne Konservierungsstoffe oder k\u00fcnstliche Zusatzstoffe<\/p>\n<p class=\"\" data-start=\"579\" data-end=\"641\">400g Packung \u2013 ideal f\u00fcr das t\u00e4gliche Kochen mit einer Idee.<\/p>\n","protected":false},"excerpt":{"rendered":"<p>Kichererbsen aus Kebok, vegan, 400g<\/p>\n","protected":false},"featured_media":298,"comment_status":"closed","ping_status":"closed","template":"","meta":{"_acf_changed":false},"product_brand":[34],"product_cat":[411],"product_tag":[498],"class_list":{"0":"post-2081","1":"product","2":"type-product","3":"status-publish","4":"has-post-thumbnail","6":"product_brand-kebok","7":"product_cat-schuttguter","8":"product_tag-kichererbsen","10":"first","11":"instock","12":"shipping-taxable","13":"purchasable","14":"product-type-simple"},"acf":[],"_links":{"self":[{"href":"https:\/\/aslan-food.com\/de\/wp-json\/wp\/v2\/product\/2081","targetHints":{"allow":["GET"]}}],"collection":[{"href":"https:\/\/aslan-food.com\/de\/wp-json\/wp\/v2\/product"}],"about":[{"href":"https:\/\/aslan-food.com\/de\/wp-json\/wp\/v2\/types\/product"}],"replies":[{"embeddable":true,"href":"https:\/\/aslan-food.com\/de\/wp-json\/wp\/v2\/comments?post=2081"}],"wp:featuredmedia":[{"embeddable":true,"href":"https:\/\/aslan-food.com\/de\/wp-json\/wp\/v2\/media\/298"}],"wp:attachment":[{"href":"https:\/\/aslan-food.com\/de\/wp-json\/wp\/v2\/media?parent=2081"}],"wp:term":[{"taxonomy":"product_brand","embeddable":true,"href":"https:\/\/aslan-food.com\/de\/wp-json\/wp\/v2\/product_brand?post=2081"},{"taxonomy":"product_cat","embeddable":true,"href":"https:\/\/aslan-food.com\/de\/wp-json\/wp\/v2\/product_cat?post=2081"},{"taxonomy":"product_tag","embeddable":true,"href":"https:\/\/aslan-food.com\/de\/wp-json\/wp\/v2\/product_tag?post=2081"}],"curies":[{"name":"wp","href":"https:\/\/api.w.org\/{rel}","templated":true}]}}