{"id":2060,"date":"2025-04-17T09:19:39","date_gmt":"2025-04-17T09:19:39","guid":{"rendered":"https:\/\/aslan-food.com\/sklep\/couscous\/"},"modified":"2025-04-17T09:19:39","modified_gmt":"2025-04-17T09:19:39","slug":"couscous","status":"publish","type":"product","link":"https:\/\/aslan-food.com\/de\/sklep\/couscous\/","title":{"rendered":"Couscous"},"content":{"rendered":"<p class=\"\" data-start=\"63\" data-end=\"96\"><strong data-start=\"63\" data-end=\"96\">Kebok Couscous \u2013 vegan, 400g<\/strong><\/p>\n<p class=\"\" data-start=\"98\" data-end=\"374\">Schnell, leicht und vielseitig einsetzbar \u2013 Kebok Couscous ist ein Klassiker, der in jeder K\u00fcche eine gute Figur macht. Er wird aus Hartweizen hergestellt und muss nicht gekocht werden \u2013 man muss ihn einfach mit kochendem Wasser \u00fcbergie\u00dfen und nach einer Weile kann man eine delikate, lockere Zugabe zu Fleisch- und Gem\u00fcsegerichten, Salaten oder Gerichten mit So\u00dfe genie\u00dfen. <\/p>\n<p class=\"\" data-start=\"376\" data-end=\"535\">\u2714 nat\u00fcrlich und vegan<br data-start=\"398\" data-end=\"401\">\u2714 Fertig in 5 Minuten \u2013 kein Kochen erforderlich<br data-start=\"435\" data-end=\"438\">\u2714 Delikater Geschmack und fluffige Textur<br data-start=\"478\" data-end=\"481\">\u2714 Ideal f\u00fcr Mittagsgerichte, Fr\u00fchst\u00fccke und leichte Abendessen<\/p>\n<p class=\"\" data-start=\"537\" data-end=\"591\">400g Packung \u2013 ideal f\u00fcr schnelle und gesunde Mahlzeiten.<\/p>\n","protected":false},"excerpt":{"rendered":"<p>Couscous vom Kebok, vegan, 400g<\/p>\n","protected":false},"featured_media":310,"comment_status":"closed","ping_status":"closed","template":"","meta":{"_acf_changed":false},"product_brand":[34],"product_cat":[411],"product_tag":[494,487],"class_list":{"0":"post-2060","1":"product","2":"type-product","3":"status-publish","4":"has-post-thumbnail","6":"product_brand-kebok","7":"product_cat-schuttguter","8":"product_tag-couscous","9":"product_tag-schrot","11":"first","12":"instock","13":"shipping-taxable","14":"purchasable","15":"product-type-simple"},"acf":[],"_links":{"self":[{"href":"https:\/\/aslan-food.com\/de\/wp-json\/wp\/v2\/product\/2060","targetHints":{"allow":["GET"]}}],"collection":[{"href":"https:\/\/aslan-food.com\/de\/wp-json\/wp\/v2\/product"}],"about":[{"href":"https:\/\/aslan-food.com\/de\/wp-json\/wp\/v2\/types\/product"}],"replies":[{"embeddable":true,"href":"https:\/\/aslan-food.com\/de\/wp-json\/wp\/v2\/comments?post=2060"}],"wp:featuredmedia":[{"embeddable":true,"href":"https:\/\/aslan-food.com\/de\/wp-json\/wp\/v2\/media\/310"}],"wp:attachment":[{"href":"https:\/\/aslan-food.com\/de\/wp-json\/wp\/v2\/media?parent=2060"}],"wp:term":[{"taxonomy":"product_brand","embeddable":true,"href":"https:\/\/aslan-food.com\/de\/wp-json\/wp\/v2\/product_brand?post=2060"},{"taxonomy":"product_cat","embeddable":true,"href":"https:\/\/aslan-food.com\/de\/wp-json\/wp\/v2\/product_cat?post=2060"},{"taxonomy":"product_tag","embeddable":true,"href":"https:\/\/aslan-food.com\/de\/wp-json\/wp\/v2\/product_tag?post=2060"}],"curies":[{"name":"wp","href":"https:\/\/api.w.org\/{rel}","templated":true}]}}