{"id":2058,"date":"2025-04-17T08:32:35","date_gmt":"2025-04-17T08:32:35","guid":{"rendered":"https:\/\/aslan-food.com\/sklep\/feinkoerniger-bulgur\/"},"modified":"2025-04-17T08:32:35","modified_gmt":"2025-04-17T08:32:35","slug":"feinkoerniger-bulgur","status":"publish","type":"product","link":"https:\/\/aslan-food.com\/de\/sklep\/feinkoerniger-bulgur\/","title":{"rendered":"Feink\u00f6rniger Bulgur"},"content":{"rendered":"<p class=\"\" data-start=\"80\" data-end=\"129\"><strong data-start=\"80\" data-end=\"129\">Kebok feink\u00f6rniger Bulgur \u2013 vegan, 400g<\/strong><\/p>\n<p class=\"\" data-start=\"131\" data-end=\"452\">Eine gesunde Basis f\u00fcr Ihre Lieblingsgerichte! Feink\u00f6rnige Bulgurgr\u00fctze aus Kebok ist ein Naturprodukt aus Hartweizen, schonend gebraut und gebrochen, bereit f\u00fcr eine schnelle Zubereitung. Dank seiner feinen Struktur eignet er sich hervorragend f\u00fcr Salate, F\u00fcllungen, Suppen und mediterrane Gerichte \u2013 leicht verdaulich, nahrhaft und ballaststoffreich.  <\/p>\n<p class=\"\" data-start=\"454\" data-end=\"641\">\u2714 100% nat\u00fcrlich, vegan<br data-start=\"480\" data-end=\"483\">\u2714 Schnell zubereitet \u2013 perfekt f\u00fcr den Alltag<br data-start=\"529\" data-end=\"532\">\u2714 Quelle f\u00fcr Ballaststoffe und komplexe Kohlenhydrate<br data-start=\"574\" data-end=\"577\">\u2714 Ideal f\u00fcr Tabouleh, Schnitzel, Gem\u00fcsegerichte und mehr<\/p>\n<p class=\"\" data-start=\"643\" data-end=\"700\">400g Verpackung \u2013 handlich und praktisch f\u00fcr jede K\u00fcche.<\/p>\n","protected":false},"excerpt":{"rendered":"<p>Feink\u00f6rniger Bulgur aus Kebok, vegan, 400g<\/p>\n","protected":false},"featured_media":280,"comment_status":"closed","ping_status":"closed","template":"","meta":{"_acf_changed":false},"product_brand":[34],"product_cat":[411],"product_tag":[437,493,487],"class_list":{"0":"post-2058","1":"product","2":"type-product","3":"status-publish","4":"has-post-thumbnail","6":"product_brand-kebok","7":"product_cat-schuttguter","8":"product_tag-bulgur","9":"product_tag-feinkorniger-bulgur","10":"product_tag-schrot","12":"first","13":"instock","14":"shipping-taxable","15":"purchasable","16":"product-type-simple"},"acf":[],"_links":{"self":[{"href":"https:\/\/aslan-food.com\/de\/wp-json\/wp\/v2\/product\/2058","targetHints":{"allow":["GET"]}}],"collection":[{"href":"https:\/\/aslan-food.com\/de\/wp-json\/wp\/v2\/product"}],"about":[{"href":"https:\/\/aslan-food.com\/de\/wp-json\/wp\/v2\/types\/product"}],"replies":[{"embeddable":true,"href":"https:\/\/aslan-food.com\/de\/wp-json\/wp\/v2\/comments?post=2058"}],"wp:featuredmedia":[{"embeddable":true,"href":"https:\/\/aslan-food.com\/de\/wp-json\/wp\/v2\/media\/280"}],"wp:attachment":[{"href":"https:\/\/aslan-food.com\/de\/wp-json\/wp\/v2\/media?parent=2058"}],"wp:term":[{"taxonomy":"product_brand","embeddable":true,"href":"https:\/\/aslan-food.com\/de\/wp-json\/wp\/v2\/product_brand?post=2058"},{"taxonomy":"product_cat","embeddable":true,"href":"https:\/\/aslan-food.com\/de\/wp-json\/wp\/v2\/product_cat?post=2058"},{"taxonomy":"product_tag","embeddable":true,"href":"https:\/\/aslan-food.com\/de\/wp-json\/wp\/v2\/product_tag?post=2058"}],"curies":[{"name":"wp","href":"https:\/\/api.w.org\/{rel}","templated":true}]}}