{"id":2049,"date":"2025-04-17T09:22:41","date_gmt":"2025-04-17T09:22:41","guid":{"rendered":"https:\/\/aslan-food.com\/sklep\/weizen-geschaelt\/"},"modified":"2025-04-17T09:22:41","modified_gmt":"2025-04-17T09:22:41","slug":"weizen-geschaelt","status":"publish","type":"product","link":"https:\/\/aslan-food.com\/de\/sklep\/weizen-geschaelt\/","title":{"rendered":"Weizen gesch\u00e4lt"},"content":{"rendered":"<p class=\"\" data-start=\"76\" data-end=\"123\"><strong data-start=\"76\" data-end=\"123\">Kebok aus gesch\u00e4ltem Weizen \u2013 vegan, 400g<\/strong><\/p>\n<p class=\"\" data-start=\"125\" data-end=\"445\">Eine traditionelle Zutat in einer modernen K\u00fcche! Kebok gesch\u00e4lter Weizen ist ein Vollkornprodukt mit hohem N\u00e4hrwert, das schonend von der Schale gereinigt wird, aber Ballaststoffe, Vitamine und Mineralien beibeh\u00e4lt. Im gekochten Zustand sind die Bohnen fest und leicht nussig im Geschmack \u2013 perfekt f\u00fcr Suppen, Salate, F\u00fcllungen und Eintopfgerichte.  <\/p>\n<p class=\"\" data-start=\"447\" data-end=\"619\">\u2714 nat\u00fcrlich und vegan<br data-start=\"469\" data-end=\"472\">\u2714 reich an Ballaststoffen, B-Vitaminen und Mineralstoffen<br data-start=\"532\" data-end=\"535\">\u2714 leicht nussiger Geschmack und federnde Struktur<br data-start=\"579\" data-end=\"582\">\u2714 Ideal f\u00fcr eine gesunde und s\u00e4ttigende K\u00fcche<\/p>\n<p class=\"\" data-start=\"621\" data-end=\"707\">400 g Verpackung \u2013 eine gute Wahl f\u00fcr das t\u00e4gliche Kochen und Experimentieren in der K\u00fcche.<\/p>\n","protected":false},"excerpt":{"rendered":"<p>Gesch\u00e4lter Weizen aus Kebok, vegan, 400g<\/p>\n","protected":false},"featured_media":315,"comment_status":"closed","ping_status":"closed","template":"","meta":{"_acf_changed":false},"product_brand":[34],"product_cat":[411],"product_tag":[492,438,362,491],"class_list":{"0":"post-2049","1":"product","2":"type-product","3":"status-publish","4":"has-post-thumbnail","6":"product_brand-kebok","7":"product_cat-schuttguter","8":"product_tag-geschalter-weizen","9":"product_tag-schussel","10":"product_tag-veggie","11":"product_tag-weizen","13":"first","14":"instock","15":"shipping-taxable","16":"purchasable","17":"product-type-simple"},"acf":[],"_links":{"self":[{"href":"https:\/\/aslan-food.com\/de\/wp-json\/wp\/v2\/product\/2049","targetHints":{"allow":["GET"]}}],"collection":[{"href":"https:\/\/aslan-food.com\/de\/wp-json\/wp\/v2\/product"}],"about":[{"href":"https:\/\/aslan-food.com\/de\/wp-json\/wp\/v2\/types\/product"}],"replies":[{"embeddable":true,"href":"https:\/\/aslan-food.com\/de\/wp-json\/wp\/v2\/comments?post=2049"}],"wp:featuredmedia":[{"embeddable":true,"href":"https:\/\/aslan-food.com\/de\/wp-json\/wp\/v2\/media\/315"}],"wp:attachment":[{"href":"https:\/\/aslan-food.com\/de\/wp-json\/wp\/v2\/media?parent=2049"}],"wp:term":[{"taxonomy":"product_brand","embeddable":true,"href":"https:\/\/aslan-food.com\/de\/wp-json\/wp\/v2\/product_brand?post=2049"},{"taxonomy":"product_cat","embeddable":true,"href":"https:\/\/aslan-food.com\/de\/wp-json\/wp\/v2\/product_cat?post=2049"},{"taxonomy":"product_tag","embeddable":true,"href":"https:\/\/aslan-food.com\/de\/wp-json\/wp\/v2\/product_tag?post=2049"}],"curies":[{"name":"wp","href":"https:\/\/api.w.org\/{rel}","templated":true}]}}