{"id":2039,"date":"2025-04-17T09:29:43","date_gmt":"2025-04-17T09:29:43","guid":{"rendered":"https:\/\/aslan-food.com\/sklep\/linse\/"},"modified":"2025-04-17T09:29:43","modified_gmt":"2025-04-17T09:29:43","slug":"linse","status":"publish","type":"product","link":"https:\/\/aslan-food.com\/de\/sklep\/linse\/","title":{"rendered":"Linse"},"content":{"rendered":"<p class=\"\" data-start=\"65\" data-end=\"101\"><strong data-start=\"65\" data-end=\"101\">Kebok Linsen \u2013 Vegan, 400g<\/strong><\/p>\n<p class=\"\" data-start=\"103\" data-end=\"392\">Eine nat\u00fcrliche Quelle f\u00fcr pflanzliches Protein! Kebok-Linsen sind eine vielseitige und nahrhafte Basis f\u00fcr Suppen, Eintopfgerichte, Aufstriche, Salate oder Schnitzel. Er kocht schnell, muss nicht vorher eingeweicht werden und passt aufgrund seines delikaten Geschmacks hervorragend zu Gem\u00fcse, Gew\u00fcrzen und Kr\u00e4utern.  <\/p>\n<p class=\"\" data-start=\"394\" data-end=\"548\">\u2714 nat\u00fcrlich und vegan<br data-start=\"416\" data-end=\"419\">\u2714 reich an Proteinen, Ballaststoffen und Mineralien<br data-start=\"467\" data-end=\"470\">\u2714 Schnell und einfach zubereitet<br data-start=\"502\" data-end=\"505\">\u2714 Ideal f\u00fcr die pflanzliche und traditionelle K\u00fcche<\/p>\n<p class=\"\" data-start=\"550\" data-end=\"615\">400g Packung \u2013 praktisch, gesund und voller N\u00e4hrwerte.<\/p>\n","protected":false},"excerpt":{"rendered":"<p>Linsen aus Kebok, vegan, 400g<\/p>\n","protected":false},"featured_media":320,"comment_status":"closed","ping_status":"closed","template":"","meta":{"_acf_changed":false},"product_brand":[34],"product_cat":[411],"product_tag":[483,489],"class_list":{"0":"post-2039","1":"product","2":"type-product","3":"status-publish","4":"has-post-thumbnail","6":"product_brand-kebok","7":"product_cat-schuttguter","8":"product_tag-linse","9":"product_tag-rote-linsen","11":"first","12":"instock","13":"shipping-taxable","14":"purchasable","15":"product-type-simple"},"acf":[],"_links":{"self":[{"href":"https:\/\/aslan-food.com\/de\/wp-json\/wp\/v2\/product\/2039","targetHints":{"allow":["GET"]}}],"collection":[{"href":"https:\/\/aslan-food.com\/de\/wp-json\/wp\/v2\/product"}],"about":[{"href":"https:\/\/aslan-food.com\/de\/wp-json\/wp\/v2\/types\/product"}],"replies":[{"embeddable":true,"href":"https:\/\/aslan-food.com\/de\/wp-json\/wp\/v2\/comments?post=2039"}],"wp:featuredmedia":[{"embeddable":true,"href":"https:\/\/aslan-food.com\/de\/wp-json\/wp\/v2\/media\/320"}],"wp:attachment":[{"href":"https:\/\/aslan-food.com\/de\/wp-json\/wp\/v2\/media?parent=2039"}],"wp:term":[{"taxonomy":"product_brand","embeddable":true,"href":"https:\/\/aslan-food.com\/de\/wp-json\/wp\/v2\/product_brand?post=2039"},{"taxonomy":"product_cat","embeddable":true,"href":"https:\/\/aslan-food.com\/de\/wp-json\/wp\/v2\/product_cat?post=2039"},{"taxonomy":"product_tag","embeddable":true,"href":"https:\/\/aslan-food.com\/de\/wp-json\/wp\/v2\/product_tag?post=2039"}],"curies":[{"name":"wp","href":"https:\/\/api.w.org\/{rel}","templated":true}]}}