{"id":2034,"date":"2025-04-28T14:33:59","date_gmt":"2025-04-28T14:33:59","guid":{"rendered":"https:\/\/aslan-food.com\/sklep\/marida-gruentee-in-beuteln-25-stk\/"},"modified":"2025-04-28T14:33:59","modified_gmt":"2025-04-28T14:33:59","slug":"marida-gruentee-in-beuteln-25-stk","status":"publish","type":"product","link":"https:\/\/aslan-food.com\/de\/sklep\/marida-gruentee-in-beuteln-25-stk\/","title":{"rendered":"Marida Gr\u00fcntee in Beuteln 25 Stk."},"content":{"rendered":"<p>Marida Gr\u00fcntee in Beuteln 25 Stk.<\/p>\n<p class=\"\" data-start=\"136\" data-end=\"421\">Klassiker vom Feinsten! Marida Gr\u00fcnblatttee hat einen intensiven Geschmack und ein tiefes Aroma, das die Sinne anregt und Ihnen Energie gibt. Perfekt zum Aufwachen am Morgen und zum Entspannen am Nachmittag. Gro\u00dfe Bl\u00e4tter sorgen f\u00fcr den vollen Teecharakter \u2013 ohne Staub und Kompromisse.   <\/p>\n<p class=\"\" data-start=\"423\" data-end=\"580\">\u2714 100% gr\u00fcner Blatttee<br data-start=\"454\" data-end=\"457\">\u2714 Unverwechselbarer Geschmack und starkes Gebr\u00e4u<br data-start=\"487\" data-end=\"490\">\u2714 Keine k\u00fcnstlichen Zusatzstoffe<br data-start=\"515\" data-end=\"518\">\u2714 Packung mit 25 Beuteln \u2013 perfekt f\u00fcr zu Hause<\/p>\n<p class=\"\" data-start=\"582\" data-end=\"648\">Marida \u2013 wenn Qualit\u00e4t und nat\u00fcrlicher Geschmack in jeder Tasse z\u00e4hlen.<\/p>\n<p class=\"\" data-start=\"606\" data-end=\"626\"><strong data-start=\"606\" data-end=\"626\">Br\u00fchmethode:<\/strong><\/p>\n<p class=\"\" data-start=\"628\" data-end=\"713\"><span class=\"relative -mx-px my-[-0.2rem] rounded-sm px-px py-[0.2rem]\">F\u00fcr den besten Geschmack empfiehlt es sich, einen Beutel mit frisch abgekochtem Wasser bei einer Temperatur von ca. 95\u00b0C zu \u00fcbergie\u00dfen und je nach bevorzugter Aufgussintensit\u00e4t 3-5 Minuten ziehen zu lassen.<\/span><\/p>\n<p class=\"\" data-start=\"715\" data-end=\"738\"><strong data-start=\"715\" data-end=\"738\">Gesundheitliche Vorteile:<\/strong><\/p>\n<p class=\"\" data-start=\"740\" data-end=\"825\"><span class=\"relative -mx-px my-[-0.2rem] rounded-sm px-px py-[0.2rem]\">Der regelm\u00e4\u00dfige Konsum von gr\u00fcnem Tee kann den Stoffwechsel ankurbeln, die Konzentration verbessern, antioxidative Wirkungen haben und auch die Herzgesundheit unterst\u00fctzen und das Risiko f\u00fcr bestimmte chronische Krankheiten senken.<\/span><\/p>\n<p class=\"\" data-start=\"827\" data-end=\"927\"><strong data-start=\"827\" data-end=\"841\">Zutaten:<\/strong> <span class=\"relative -mx-px my-[-0.2rem] rounded-sm px-px py-[0.2rem]\">100% gr\u00fcner Tee.<\/span><\/p>\n<p class=\"\" data-start=\"929\" data-end=\"1041\"><strong data-start=\"929\" data-end=\"955\">Lagerung:<\/strong> <span class=\"relative -mx-px my-[-0.2rem] rounded-sm px-px py-[0.2rem]\">An einem trockenen und k\u00fchlen Ort ohne direkte Sonneneinstrahlung lagern, um den vollen Geschmack und das Aroma zu erhalten.<\/span><\/p>\n","protected":false},"excerpt":{"rendered":"<p>Marida Gr\u00fcntee in Beuteln 25 Stk.<\/p>\n","protected":false},"featured_media":599,"comment_status":"closed","ping_status":"closed","template":"","meta":{"_acf_changed":false},"product_brand":[37],"product_cat":[371],"product_tag":[397,481,374,394],"class_list":{"0":"post-2034","1":"product","2":"type-product","3":"status-publish","4":"has-post-thumbnail","6":"product_brand-marida","7":"product_cat-tee","8":"product_tag-ceylon-tee","9":"product_tag-gruner-tee-2","10":"product_tag-naturlicher-geschmack","11":"product_tag-tee","13":"first","14":"instock","15":"shipping-taxable","16":"purchasable","17":"product-type-simple"},"acf":[],"_links":{"self":[{"href":"https:\/\/aslan-food.com\/de\/wp-json\/wp\/v2\/product\/2034","targetHints":{"allow":["GET"]}}],"collection":[{"href":"https:\/\/aslan-food.com\/de\/wp-json\/wp\/v2\/product"}],"about":[{"href":"https:\/\/aslan-food.com\/de\/wp-json\/wp\/v2\/types\/product"}],"replies":[{"embeddable":true,"href":"https:\/\/aslan-food.com\/de\/wp-json\/wp\/v2\/comments?post=2034"}],"wp:featuredmedia":[{"embeddable":true,"href":"https:\/\/aslan-food.com\/de\/wp-json\/wp\/v2\/media\/599"}],"wp:attachment":[{"href":"https:\/\/aslan-food.com\/de\/wp-json\/wp\/v2\/media?parent=2034"}],"wp:term":[{"taxonomy":"product_brand","embeddable":true,"href":"https:\/\/aslan-food.com\/de\/wp-json\/wp\/v2\/product_brand?post=2034"},{"taxonomy":"product_cat","embeddable":true,"href":"https:\/\/aslan-food.com\/de\/wp-json\/wp\/v2\/product_cat?post=2034"},{"taxonomy":"product_tag","embeddable":true,"href":"https:\/\/aslan-food.com\/de\/wp-json\/wp\/v2\/product_tag?post=2034"}],"curies":[{"name":"wp","href":"https:\/\/api.w.org\/{rel}","templated":true}]}}