{"id":2026,"date":"2025-04-17T09:32:03","date_gmt":"2025-04-17T09:32:03","guid":{"rendered":"https:\/\/aslan-food.com\/sklep\/gruene-linsen\/"},"modified":"2025-04-17T09:32:03","modified_gmt":"2025-04-17T09:32:03","slug":"gruene-linsen","status":"publish","type":"product","link":"https:\/\/aslan-food.com\/de\/sklep\/gruene-linsen\/","title":{"rendered":"Gr\u00fcne Linsen"},"content":{"rendered":"<p class=\"\" data-start=\"73\" data-end=\"117\"><strong data-start=\"73\" data-end=\"117\">Kebok Gr\u00fcne Linsen \u2013 Vegan, 400g<\/strong><\/p>\n<p class=\"\" data-start=\"119\" data-end=\"392\">Gesundheit und Geschmack in einer Portion! Kebok gr\u00fcne Linsen sind eine vollst\u00e4ndige Quelle f\u00fcr pflanzliches Protein, Ballaststoffe und Mineralien. Es beh\u00e4lt seine Struktur nach dem Kochen und eignet sich daher hervorragend f\u00fcr Salate, Suppen, Eint\u00f6pfe und als Basis f\u00fcr Gem\u00fcsekoteletts und F\u00fcllungen.  <\/p>\n<p class=\"\" data-start=\"394\" data-end=\"565\">\u2714 100% nat\u00fcrlich und vegan<br data-start=\"421\" data-end=\"424\">\u2714 Hoher Protein- und Ballaststoffgehalt<br data-start=\"460\" data-end=\"463\">\u2714 beh\u00e4lt nach dem Kochen seine Form \u2013 f\u00e4llt nicht auseinander<br data-start=\"514\" data-end=\"517\">\u2714 ideal f\u00fcr pflanzliche, fitte und traditionelle K\u00fcche<\/p>\n<p class=\"\" data-start=\"567\" data-end=\"627\">400 g Verpackung \u2013 eine praktische Wahl f\u00fcr die t\u00e4gliche K\u00fcche.<\/p>\n","protected":false},"excerpt":{"rendered":"<p>Gr\u00fcne Linsen aus Kebok, vegan, 400g<\/p>\n","protected":false},"featured_media":325,"comment_status":"closed","ping_status":"closed","template":"","meta":{"_acf_changed":false},"product_brand":[34],"product_cat":[411],"product_tag":[485,483,438,486],"class_list":{"0":"post-2026","1":"product","2":"type-product","3":"status-publish","4":"has-post-thumbnail","6":"product_brand-kebok","7":"product_cat-schuttguter","8":"product_tag-grune-linsen","9":"product_tag-linse","10":"product_tag-schussel","11":"product_tag-vegan","13":"first","14":"instock","15":"shipping-taxable","16":"purchasable","17":"product-type-simple"},"acf":[],"_links":{"self":[{"href":"https:\/\/aslan-food.com\/de\/wp-json\/wp\/v2\/product\/2026","targetHints":{"allow":["GET"]}}],"collection":[{"href":"https:\/\/aslan-food.com\/de\/wp-json\/wp\/v2\/product"}],"about":[{"href":"https:\/\/aslan-food.com\/de\/wp-json\/wp\/v2\/types\/product"}],"replies":[{"embeddable":true,"href":"https:\/\/aslan-food.com\/de\/wp-json\/wp\/v2\/comments?post=2026"}],"wp:featuredmedia":[{"embeddable":true,"href":"https:\/\/aslan-food.com\/de\/wp-json\/wp\/v2\/media\/325"}],"wp:attachment":[{"href":"https:\/\/aslan-food.com\/de\/wp-json\/wp\/v2\/media?parent=2026"}],"wp:term":[{"taxonomy":"product_brand","embeddable":true,"href":"https:\/\/aslan-food.com\/de\/wp-json\/wp\/v2\/product_brand?post=2026"},{"taxonomy":"product_cat","embeddable":true,"href":"https:\/\/aslan-food.com\/de\/wp-json\/wp\/v2\/product_cat?post=2026"},{"taxonomy":"product_tag","embeddable":true,"href":"https:\/\/aslan-food.com\/de\/wp-json\/wp\/v2\/product_tag?post=2026"}],"curies":[{"name":"wp","href":"https:\/\/api.w.org\/{rel}","templated":true}]}}