{"id":2018,"date":"2025-04-23T14:52:22","date_gmt":"2025-04-23T14:52:22","guid":{"rendered":"https:\/\/aslan-food.com\/sklep\/rindfleisch-doener-mit-gemuese-und-knoblauchsauce-2\/"},"modified":"2025-04-23T14:52:22","modified_gmt":"2025-04-23T14:52:22","slug":"rindfleisch-doener-mit-gemuese-und-knoblauchsauce-2","status":"publish","type":"product","link":"https:\/\/aslan-food.com\/de\/sklep\/rindfleisch-doener-mit-gemuese-und-knoblauchsauce-2\/","title":{"rendered":"Rindfleisch-D\u00f6ner mit Gem\u00fcse und Knoblauchsauce"},"content":{"rendered":"<p>Rindfleisch-Kebab in Pita gewickelt mit gekochtem Gem\u00fcse (Blumenkohl und Karotten) und Knoblauchsauce.<\/p>\n<p><strong>Zutaten: Roastbeef<\/strong>  (Rindfleisch 83%, Wasser, Rinderfett, Salz, Gew\u00fcrzmischung (einschlie\u00dflich Sellerie), modifizierte St\u00e4rke, Maismehl, Dextrose, hydrolysiertes pflanzliches Eiwei\u00df (Mais), Sonnenblumen\u00f6l, Aroma, Kr\u00e4uter, Gew\u00fcrzextrakt, Sojaprotein, Stabilisatoren: Diphosphate, S\u00e4ureregulator: Natriumcitrat, fraktioniertes Erbsenerzeugnis, Zwiebel,  <strong>Pita<\/strong>  (Weizenmehl, Wasser, Sojamehl, Hefe, Zucker, Salz), Bouquet  <strong>Gem\u00fcse  <\/strong>in variablen Anteilen gekocht (Blumenkohl, Karotten)  <strong>Knoblauch-So\u00dfe<\/strong><strong>:  <\/strong>Mayonnaise (Raps\u00f6l, Senf (Branntweinessig, Wasser, Zucker, Senf, Salz, Zitronens\u00e4ure, Gew\u00fcrze), Wasser, H\u00fchnereigelb, Guarkernmehl, Xanthan, Antioxidationsmittel: Calciumdinatriumsalz EDTA), Naturjoghurt (Milch, Sahne (aus Milch), Milchproteine, lebende Kulturen von Joghurtbakterien, Senf (Wasser, wei\u00dfer Senf, Zucker, Apfelessig, Branntweinessig, Salz, Gew\u00fcrze, Farbstoff: Curcumin), Knoblauch, Kokos\u00f6l, Minze.<\/p>\n<p>Verzehrfertiges Produkt.<br \/>\nAm besten beim Erhitzen: in einem Toaster (Kontaktgrill) f\u00fcr 4 min nach dem Entfernen der Schutzfolie oder in der Mikrowelle f\u00fcr 1 Minute ohne Entfernen der Folie.<br \/>\nDie Sandwiches werden unter Schutzatmosph\u00e4re in einer Einzelfolienverpackung und einem Kartonaufzug verpackt.<br \/>\nMultiverpackung:<br \/>\n Karton 8 St\u00fcck, 15 St\u00fcck, 20 St\u00fcck<\/p>\n<p>Gentechnikfrei. Die bei der Herstellung verwendeten Rohstoffe enthalten keine gentechnisch ver\u00e4nderten Organismen (basierend auf den Herstellererkl\u00e4rungen). <\/p>\n","protected":false},"excerpt":{"rendered":"<p>Rindfleisch-Kebab in Pita gewickelt mit gekochtem Gem\u00fcse und Knoblauchsauce. ca. 250g <\/p>\n","protected":false},"featured_media":397,"comment_status":"closed","ping_status":"closed","template":"","meta":{"_acf_changed":false},"product_brand":[37],"product_cat":[472,457],"product_tag":[432,441,373,444],"class_list":{"0":"post-2018","1":"product","2":"type-product","3":"status-publish","4":"has-post-thumbnail","6":"product_brand-marida","7":"product_cat-kebab","8":"product_cat-tiefgekuhlte-produkte","9":"product_tag-fertiges-gericht","10":"product_tag-gefrorenes-gericht","11":"product_tag-halal","12":"product_tag-kebab","14":"first","15":"instock","16":"shipping-taxable","17":"purchasable","18":"product-type-simple"},"acf":[],"_links":{"self":[{"href":"https:\/\/aslan-food.com\/de\/wp-json\/wp\/v2\/product\/2018","targetHints":{"allow":["GET"]}}],"collection":[{"href":"https:\/\/aslan-food.com\/de\/wp-json\/wp\/v2\/product"}],"about":[{"href":"https:\/\/aslan-food.com\/de\/wp-json\/wp\/v2\/types\/product"}],"replies":[{"embeddable":true,"href":"https:\/\/aslan-food.com\/de\/wp-json\/wp\/v2\/comments?post=2018"}],"wp:featuredmedia":[{"embeddable":true,"href":"https:\/\/aslan-food.com\/de\/wp-json\/wp\/v2\/media\/397"}],"wp:attachment":[{"href":"https:\/\/aslan-food.com\/de\/wp-json\/wp\/v2\/media?parent=2018"}],"wp:term":[{"taxonomy":"product_brand","embeddable":true,"href":"https:\/\/aslan-food.com\/de\/wp-json\/wp\/v2\/product_brand?post=2018"},{"taxonomy":"product_cat","embeddable":true,"href":"https:\/\/aslan-food.com\/de\/wp-json\/wp\/v2\/product_cat?post=2018"},{"taxonomy":"product_tag","embeddable":true,"href":"https:\/\/aslan-food.com\/de\/wp-json\/wp\/v2\/product_tag?post=2018"}],"curies":[{"name":"wp","href":"https:\/\/api.w.org\/{rel}","templated":true}]}}