{"id":2005,"date":"2025-04-24T09:31:57","date_gmt":"2025-04-24T09:31:57","guid":{"rendered":"https:\/\/aslan-food.com\/sklep\/gefluegel-und-rindfleisch-doener-mit-gemuese-und-knoblauchsauce-2\/"},"modified":"2025-04-24T09:31:57","modified_gmt":"2025-04-24T09:31:57","slug":"gefluegel-und-rindfleisch-doener-mit-gemuese-und-knoblauchsauce-2","status":"publish","type":"product","link":"https:\/\/aslan-food.com\/de\/sklep\/gefluegel-und-rindfleisch-doener-mit-gemuese-und-knoblauchsauce-2\/","title":{"rendered":"Gefl\u00fcgel- und Rindfleisch-D\u00f6ner mit Gem\u00fcse und Knoblauchsauce"},"content":{"rendered":"<p>H\u00e4hnchen-Kebab im Pita-Mantel mit gekochtem Gem\u00fcse (Blumenkohl und Karotten) und Knoblauchsauce.<\/p>\n<p><strong>Gefl\u00fcgel und Rindfleisch<\/strong> zu gleichen Teilen (<strong>Gefl\u00fcgelfleisch<\/strong>  98%, Wasser, Salz, Geschmacksverst\u00e4rker: Mononatriumglutamat, Dextrose, Gew\u00fcrze und Kr\u00e4uter (u.a. Senf), Kartoffelst\u00e4rke, Gew\u00fcrzextrakte, Sojaprotein, Stabilisatoren: Diphosphate, Triphosphate, Verdickungsmittel: E1422, Weizenst\u00e4rke, S\u00e4ureregulator: Natriumacetat, Gew\u00fcrzmischung),  <strong>Rindfleisch<\/strong>  (Rindfleisch 83%, Wasser, Rinderfett, Salz, Gew\u00fcrzmischung (einschlie\u00dflich Sellerie), modifizierte St\u00e4rke, Maismehl, Dextrose, hydrolysiertes pflanzliches Eiwei\u00df (Mais), Sonnenblumen\u00f6l, Aroma, Kr\u00e4uter, Gew\u00fcrzextrakt, Sojaprotein, Stabilisatoren: Diphosphate, S\u00e4ureregulator: Natriumcitrat, fraktioniertes Erbsenerzeugnis, Zwiebel,  <strong>Pita<\/strong>  (Weizenmehl, Wasser, Sojamehl, Hefe, Zucker, Salz),  <strong>Cheddar  <\/strong>(MILCH, Salz, Bakterienkulturen, Farbstoffe: Carotine),  <strong>milde So\u00dfe<\/strong>  (Tomatenmark, Mayonnaise (Raps\u00f6l, Wasser, Eigelb, Zucker, Essig, Salz, Senf, Gew\u00fcrze, Konservierungsmittel: Kaliumsorbat, Zitronenaroma, S\u00e4ureregulator: Zitronens\u00e4ure, Carotin), Sonnenblumen\u00f6l, Paprikapaste (Paprika, Salz, Zitronens\u00e4ure).<\/p>\n<p>Verzehrfertiges Produkt.<br \/>\nAm besten beim Erhitzen: in einem Toaster (Kontaktgrill) f\u00fcr 4 min nach dem Entfernen der Schutzfolie oder in der Mikrowelle f\u00fcr 1 Minute ohne Entfernen der Folie.<br \/>\nDie Sandwiches werden unter Schutzatmosph\u00e4re in einer Einzelfolienverpackung und einem Kartonaufzug verpackt.<br \/>\nMultiverpackung:<br \/>\n Karton 8 St\u00fcck, 15 St\u00fcck, 20 St\u00fcck<\/p>\n<p>Gentechnikfrei. Die bei der Herstellung verwendeten Rohstoffe enthalten keine gentechnisch ver\u00e4nderten Organismen (basierend auf den Herstellererkl\u00e4rungen). <\/p>\n<p>Verzehrfertiges Produkt.<br \/>\nAm besten beim Erhitzen: in einem Toaster (Kontaktgrill) f\u00fcr 4 min nach dem Entfernen der Schutzfolie oder in der Mikrowelle f\u00fcr 1 Minute ohne Entfernen der Folie.<br \/>\nDie Sandwiches werden unter Schutzatmosph\u00e4re in einer Einzelfolienverpackung und einem Kartonaufzug verpackt.<br \/>\nMultiverpackung:<br \/>\n Karton 8 St\u00fcck, 15 St\u00fcck, 20 St\u00fcck<\/p>\n<p>Gentechnikfrei. Die bei der Herstellung verwendeten Rohstoffe enthalten keine gentechnisch ver\u00e4nderten Organismen (basierend auf den Herstellererkl\u00e4rungen). <\/p>\n","protected":false},"excerpt":{"rendered":"<p>H\u00e4hnchen-Kebab im Pita-Mantel mit gekochtem Gem\u00fcse (Blumenkohl und Karotten) und Knoblauchsauce. ca. 250 g <\/p>\n","protected":false},"featured_media":421,"comment_status":"closed","ping_status":"closed","template":"","meta":{"_acf_changed":false},"product_brand":[37],"product_cat":[472,457],"product_tag":[],"class_list":{"0":"post-2005","1":"product","2":"type-product","3":"status-publish","4":"has-post-thumbnail","6":"product_brand-marida","7":"product_cat-kebab","8":"product_cat-tiefgekuhlte-produkte","10":"first","11":"instock","12":"shipping-taxable","13":"purchasable","14":"product-type-simple"},"acf":[],"_links":{"self":[{"href":"https:\/\/aslan-food.com\/de\/wp-json\/wp\/v2\/product\/2005","targetHints":{"allow":["GET"]}}],"collection":[{"href":"https:\/\/aslan-food.com\/de\/wp-json\/wp\/v2\/product"}],"about":[{"href":"https:\/\/aslan-food.com\/de\/wp-json\/wp\/v2\/types\/product"}],"replies":[{"embeddable":true,"href":"https:\/\/aslan-food.com\/de\/wp-json\/wp\/v2\/comments?post=2005"}],"wp:featuredmedia":[{"embeddable":true,"href":"https:\/\/aslan-food.com\/de\/wp-json\/wp\/v2\/media\/421"}],"wp:attachment":[{"href":"https:\/\/aslan-food.com\/de\/wp-json\/wp\/v2\/media?parent=2005"}],"wp:term":[{"taxonomy":"product_brand","embeddable":true,"href":"https:\/\/aslan-food.com\/de\/wp-json\/wp\/v2\/product_brand?post=2005"},{"taxonomy":"product_cat","embeddable":true,"href":"https:\/\/aslan-food.com\/de\/wp-json\/wp\/v2\/product_cat?post=2005"},{"taxonomy":"product_tag","embeddable":true,"href":"https:\/\/aslan-food.com\/de\/wp-json\/wp\/v2\/product_tag?post=2005"}],"curies":[{"name":"wp","href":"https:\/\/api.w.org\/{rel}","templated":true}]}}