{"id":1995,"date":"2025-04-30T14:04:53","date_gmt":"2025-04-30T14:04:53","guid":{"rendered":"https:\/\/aslan-food.com\/sklep\/haehnchen-und-rindfleisch-kebab-zum-trinken-mit-kaese-und-knoblauchsauce\/"},"modified":"2025-04-30T14:04:53","modified_gmt":"2025-04-30T14:04:53","slug":"haehnchen-und-rindfleisch-kebab-zum-trinken-mit-kaese-und-knoblauchsauce","status":"publish","type":"product","link":"https:\/\/aslan-food.com\/de\/sklep\/haehnchen-und-rindfleisch-kebab-zum-trinken-mit-kaese-und-knoblauchsauce\/","title":{"rendered":"H\u00e4hnchen- und Rindfleisch-Kebab zum Trinken mit K\u00e4se und Knoblauchsauce"},"content":{"rendered":"<p>H\u00e4hnchen- und Rindfleisch-Kebab zum Trinken mit K\u00e4se und Knoblauchsauce<\/p>\n","protected":false},"excerpt":{"rendered":"<p>H\u00e4hnchen- und Rindfleisch-Kebab im Getr\u00e4nk mit K\u00e4se und Knoblauchsauce, 250g<\/p>\n","protected":false},"featured_media":633,"comment_status":"closed","ping_status":"closed","template":"","meta":{"_acf_changed":false},"product_brand":[140,37],"product_cat":[472,457],"product_tag":[432,455,441,373,444,358,357],"class_list":{"0":"post-1995","1":"product","2":"type-product","3":"status-publish","4":"has-post-thumbnail","6":"product_brand-aslan","7":"product_brand-marida","8":"product_cat-kebab","9":"product_cat-tiefgekuhlte-produkte","10":"product_tag-fertiges-gericht","11":"product_tag-geflugel-und-rindfleisch-kebab","12":"product_tag-gefrorenes-gericht","13":"product_tag-halal","14":"product_tag-kebab","15":"product_tag-traditionelles-gericht","16":"product_tag-turkische-kuche","18":"first","19":"instock","20":"shipping-taxable","21":"purchasable","22":"product-type-simple"},"acf":[],"_links":{"self":[{"href":"https:\/\/aslan-food.com\/de\/wp-json\/wp\/v2\/product\/1995","targetHints":{"allow":["GET"]}}],"collection":[{"href":"https:\/\/aslan-food.com\/de\/wp-json\/wp\/v2\/product"}],"about":[{"href":"https:\/\/aslan-food.com\/de\/wp-json\/wp\/v2\/types\/product"}],"replies":[{"embeddable":true,"href":"https:\/\/aslan-food.com\/de\/wp-json\/wp\/v2\/comments?post=1995"}],"wp:featuredmedia":[{"embeddable":true,"href":"https:\/\/aslan-food.com\/de\/wp-json\/wp\/v2\/media\/633"}],"wp:attachment":[{"href":"https:\/\/aslan-food.com\/de\/wp-json\/wp\/v2\/media?parent=1995"}],"wp:term":[{"taxonomy":"product_brand","embeddable":true,"href":"https:\/\/aslan-food.com\/de\/wp-json\/wp\/v2\/product_brand?post=1995"},{"taxonomy":"product_cat","embeddable":true,"href":"https:\/\/aslan-food.com\/de\/wp-json\/wp\/v2\/product_cat?post=1995"},{"taxonomy":"product_tag","embeddable":true,"href":"https:\/\/aslan-food.com\/de\/wp-json\/wp\/v2\/product_tag?post=1995"}],"curies":[{"name":"wp","href":"https:\/\/api.w.org\/{rel}","templated":true}]}}