{"id":1988,"date":"2025-04-30T08:32:09","date_gmt":"2025-04-30T08:32:09","guid":{"rendered":"https:\/\/aslan-food.com\/sklep\/haehnchen-kebab-im-getraenk-mit-kaese-und-mittlerer-sauce-2\/"},"modified":"2025-04-30T08:32:09","modified_gmt":"2025-04-30T08:32:09","slug":"haehnchen-kebab-im-getraenk-mit-kaese-und-mittlerer-sauce-2","status":"publish","type":"product","link":"https:\/\/aslan-food.com\/de\/sklep\/haehnchen-kebab-im-getraenk-mit-kaese-und-mittlerer-sauce-2\/","title":{"rendered":"H\u00e4hnchen-Kebab im Getr\u00e4nk mit K\u00e4se und mittlerer Sauce"},"content":{"rendered":"<p class=\"product_title entry-title\">H\u00e4hnchen-Kebab im Getr\u00e4nk mit K\u00e4se und mittlerer Sauce<\/p>\n","protected":false},"excerpt":{"rendered":"<p>H\u00e4hnchen-Kebab im Getr\u00e4nk mit K\u00e4se und mittlerer Sauce, 250g<\/p>\n","protected":false},"featured_media":624,"comment_status":"closed","ping_status":"closed","template":"","meta":{"_acf_changed":false},"product_brand":[37],"product_cat":[472,457],"product_tag":[432,441,449,444,356,357],"class_list":{"0":"post-1988","1":"product","2":"type-product","3":"status-publish","4":"has-post-thumbnail","6":"product_brand-marida","7":"product_cat-kebab","8":"product_cat-tiefgekuhlte-produkte","9":"product_tag-fertiges-gericht","10":"product_tag-gefrorenes-gericht","11":"product_tag-hahnchen-kebab","12":"product_tag-kebab","13":"product_tag-traditionelle-kuche","14":"product_tag-turkische-kuche","16":"first","17":"instock","18":"shipping-taxable","19":"purchasable","20":"product-type-simple"},"acf":[],"_links":{"self":[{"href":"https:\/\/aslan-food.com\/de\/wp-json\/wp\/v2\/product\/1988","targetHints":{"allow":["GET"]}}],"collection":[{"href":"https:\/\/aslan-food.com\/de\/wp-json\/wp\/v2\/product"}],"about":[{"href":"https:\/\/aslan-food.com\/de\/wp-json\/wp\/v2\/types\/product"}],"replies":[{"embeddable":true,"href":"https:\/\/aslan-food.com\/de\/wp-json\/wp\/v2\/comments?post=1988"}],"wp:featuredmedia":[{"embeddable":true,"href":"https:\/\/aslan-food.com\/de\/wp-json\/wp\/v2\/media\/624"}],"wp:attachment":[{"href":"https:\/\/aslan-food.com\/de\/wp-json\/wp\/v2\/media?parent=1988"}],"wp:term":[{"taxonomy":"product_brand","embeddable":true,"href":"https:\/\/aslan-food.com\/de\/wp-json\/wp\/v2\/product_brand?post=1988"},{"taxonomy":"product_cat","embeddable":true,"href":"https:\/\/aslan-food.com\/de\/wp-json\/wp\/v2\/product_cat?post=1988"},{"taxonomy":"product_tag","embeddable":true,"href":"https:\/\/aslan-food.com\/de\/wp-json\/wp\/v2\/product_tag?post=1988"}],"curies":[{"name":"wp","href":"https:\/\/api.w.org\/{rel}","templated":true}]}}