{"id":1972,"date":"2025-04-30T10:27:59","date_gmt":"2025-04-30T10:27:59","guid":{"rendered":"https:\/\/aslan-food.com\/sklep\/haehnchen-und-rindfleisch-kebab-zum-trinken-mit-kaese-und-milder-sauce-2\/"},"modified":"2025-04-30T10:27:59","modified_gmt":"2025-04-30T10:27:59","slug":"haehnchen-und-rindfleisch-kebab-zum-trinken-mit-kaese-und-milder-sauce-2","status":"publish","type":"product","link":"https:\/\/aslan-food.com\/de\/sklep\/haehnchen-und-rindfleisch-kebab-zum-trinken-mit-kaese-und-milder-sauce-2\/","title":{"rendered":"H\u00e4hnchen- und Rindfleisch-Kebab zum Trinken mit K\u00e4se und milder Sauce"},"content":{"rendered":"<p>H\u00e4hnchen- und Rindfleisch-Kebab zum Trinken mit K\u00e4se und milder Sauce<\/p>\n","protected":false},"excerpt":{"rendered":"<p>H\u00e4hnchen- und Rindfleisch-Kebab zum Trinken mit K\u00e4se und milder Sauce, 250g<\/p>\n","protected":false},"featured_media":631,"comment_status":"closed","ping_status":"closed","template":"","meta":{"_acf_changed":false},"product_brand":[37],"product_cat":[472,457],"product_tag":[432,455,441,373,444,356,357],"class_list":{"0":"post-1972","1":"product","2":"type-product","3":"status-publish","4":"has-post-thumbnail","6":"product_brand-marida","7":"product_cat-kebab","8":"product_cat-tiefgekuhlte-produkte","9":"product_tag-fertiges-gericht","10":"product_tag-geflugel-und-rindfleisch-kebab","11":"product_tag-gefrorenes-gericht","12":"product_tag-halal","13":"product_tag-kebab","14":"product_tag-traditionelle-kuche","15":"product_tag-turkische-kuche","17":"first","18":"instock","19":"shipping-taxable","20":"purchasable","21":"product-type-simple"},"acf":[],"_links":{"self":[{"href":"https:\/\/aslan-food.com\/de\/wp-json\/wp\/v2\/product\/1972","targetHints":{"allow":["GET"]}}],"collection":[{"href":"https:\/\/aslan-food.com\/de\/wp-json\/wp\/v2\/product"}],"about":[{"href":"https:\/\/aslan-food.com\/de\/wp-json\/wp\/v2\/types\/product"}],"replies":[{"embeddable":true,"href":"https:\/\/aslan-food.com\/de\/wp-json\/wp\/v2\/comments?post=1972"}],"wp:featuredmedia":[{"embeddable":true,"href":"https:\/\/aslan-food.com\/de\/wp-json\/wp\/v2\/media\/631"}],"wp:attachment":[{"href":"https:\/\/aslan-food.com\/de\/wp-json\/wp\/v2\/media?parent=1972"}],"wp:term":[{"taxonomy":"product_brand","embeddable":true,"href":"https:\/\/aslan-food.com\/de\/wp-json\/wp\/v2\/product_brand?post=1972"},{"taxonomy":"product_cat","embeddable":true,"href":"https:\/\/aslan-food.com\/de\/wp-json\/wp\/v2\/product_cat?post=1972"},{"taxonomy":"product_tag","embeddable":true,"href":"https:\/\/aslan-food.com\/de\/wp-json\/wp\/v2\/product_tag?post=1972"}],"curies":[{"name":"wp","href":"https:\/\/api.w.org\/{rel}","templated":true}]}}