{"id":1969,"date":"2025-05-08T08:00:35","date_gmt":"2025-05-08T08:00:35","guid":{"rendered":"https:\/\/aslan-food.com\/sklep\/tex-mex-haehnchenfluegel\/"},"modified":"2025-05-08T08:00:35","modified_gmt":"2025-05-08T08:00:35","slug":"tex-mex-haehnchenfluegel","status":"publish","type":"product","link":"https:\/\/aslan-food.com\/de\/sklep\/tex-mex-haehnchenfluegel\/","title":{"rendered":"Tex Mex H\u00e4hnchenfl\u00fcgel"},"content":{"rendered":"<p>Tex Mex H\u00e4hnchenfl\u00fcgel mit mexikanischem Geschmack<\/p>\n<p>Halal-Lebensmittel. Tiefgefroren. Frittiertes Produkt. Bei -18 \u00b0C oder niedriger lagern. Nach dem Auftauen nicht wieder einfrieren. Vor der W\u00e4rmebehandlung muss das Produkt aufgetaut werden.     <\/p>\n","protected":false},"excerpt":{"rendered":"<p>Mex Chicken Wings mit mexikanischem Geschmack, 800g<\/p>\n","protected":false},"featured_media":671,"comment_status":"closed","ping_status":"closed","template":"","meta":{"_acf_changed":false},"product_brand":[34],"product_cat":[458,457],"product_tag":[432,441,464,373,471],"class_list":{"0":"post-1969","1":"product","2":"type-product","3":"status-publish","4":"has-post-thumbnail","6":"product_brand-kebok","7":"product_cat-geflugel","8":"product_cat-tiefgekuhlte-produkte","9":"product_tag-fertiges-gericht","10":"product_tag-gefrorenes-gericht","11":"product_tag-hahnchenflugel","12":"product_tag-halal","13":"product_tag-mexikanisch","15":"first","16":"instock","17":"shipping-taxable","18":"purchasable","19":"product-type-simple"},"acf":[],"_links":{"self":[{"href":"https:\/\/aslan-food.com\/de\/wp-json\/wp\/v2\/product\/1969","targetHints":{"allow":["GET"]}}],"collection":[{"href":"https:\/\/aslan-food.com\/de\/wp-json\/wp\/v2\/product"}],"about":[{"href":"https:\/\/aslan-food.com\/de\/wp-json\/wp\/v2\/types\/product"}],"replies":[{"embeddable":true,"href":"https:\/\/aslan-food.com\/de\/wp-json\/wp\/v2\/comments?post=1969"}],"wp:featuredmedia":[{"embeddable":true,"href":"https:\/\/aslan-food.com\/de\/wp-json\/wp\/v2\/media\/671"}],"wp:attachment":[{"href":"https:\/\/aslan-food.com\/de\/wp-json\/wp\/v2\/media?parent=1969"}],"wp:term":[{"taxonomy":"product_brand","embeddable":true,"href":"https:\/\/aslan-food.com\/de\/wp-json\/wp\/v2\/product_brand?post=1969"},{"taxonomy":"product_cat","embeddable":true,"href":"https:\/\/aslan-food.com\/de\/wp-json\/wp\/v2\/product_cat?post=1969"},{"taxonomy":"product_tag","embeddable":true,"href":"https:\/\/aslan-food.com\/de\/wp-json\/wp\/v2\/product_tag?post=1969"}],"curies":[{"name":"wp","href":"https:\/\/api.w.org\/{rel}","templated":true}]}}