{"id":1956,"date":"2025-05-12T10:16:13","date_gmt":"2025-05-12T10:16:13","guid":{"rendered":"https:\/\/aslan-food.com\/sklep\/haehnchenspiess-im-getraenk-mit-kaese-und-milder-sosse\/"},"modified":"2025-05-12T10:16:13","modified_gmt":"2025-05-12T10:16:13","slug":"haehnchenspiess-im-getraenk-mit-kaese-und-milder-sosse","status":"publish","type":"product","link":"https:\/\/aslan-food.com\/de\/sklep\/haehnchenspiess-im-getraenk-mit-kaese-und-milder-sosse\/","title":{"rendered":"H\u00e4hnchenspie\u00df im Getr\u00e4nk mit K\u00e4se und milder So\u00dfe"},"content":{"rendered":"<p>H\u00e4hnchenspie\u00df im Getr\u00e4nk mit K\u00e4se und milder So\u00dfe<\/p>\n<p>Gebrauchsanweisung: Verzehrfertiges Produkt. Am besten beim Erhitzen: in einem Toaster (Kontaktgrill) f\u00fcr 4 min nach dem Entfernen der Schutzfolie oder in der Mikrowelle f\u00fcr 1 Minute ohne Entfernen der Folie. <\/p>\n<p><strong>Gebratenes Gefl\u00fcgelfleisch<\/strong> (Gefl\u00fcgelfleisch 98%, Wasser, Salz, Geschmacksverst\u00e4rker: Mononatriumglutamat, Dextrose, Gew\u00fcrze und Kr\u00e4uter (einschlie\u00dflich Senf), Kartoffelst\u00e4rke, Gew\u00fcrzextrakte, Sojaprotein, Stabilisatoren: Diphosphate, Triphosphate, Verdickungsmittel: E1422, Weizenst\u00e4rke, S\u00e4ureregulator: Natriumacetat, Gew\u00fcrzmischung, <strong>Pita<\/strong> (Weizenmehl, Wasser, Sojamehl, Hefe, Zucker, Salz), <strong>Cheddark\u00e4se <\/strong>(MILCH, Salz, Bakterienkulturen, Farbstoffe:  Carotine), <strong>milde So\u00dfe<\/strong> (Tomatenmark, Mayonnaise (Raps\u00f6l, Wasser, Eigelb, Zucker, Essig, Salz, Senf, Gew\u00fcrze, Konservierungsmittel: Kaliumsorbat, Zitronenaroma, S\u00e4ureregulator: Citronens\u00e4ure, Carotin), Sonnenblumen\u00f6l, Paprikapaste (Paprika, Salz, Zitronens\u00e4ure).<\/p>\n<p>Verpackung: Die Sandwiches werden unter Schutzatmosph\u00e4re in einer Einzelfolienverpackung und einer Kartonh\u00fclle verpackt. Sammelverpackung: Karton 15 St\u00fcck, 20 St\u00fcck.<br \/>\nLagerung: Im K\u00fchlschrank bei +2 bis +6\u00b0C lagern. Haltbarkeit 14 Tage ab dem Herstellungsdatum auf der Folienverpackung.  <\/p>\n<p>Nicht gentechnisch ver\u00e4ndert<\/p>\n","protected":false},"excerpt":{"rendered":"<p>H\u00e4hnchen-Kebab im Getr\u00e4nk mit K\u00e4se und milder Sauce, 250g<\/p>\n","protected":false},"featured_media":788,"comment_status":"closed","ping_status":"closed","template":"","meta":{"_acf_changed":false},"product_brand":[37],"product_cat":[431],"product_tag":[432,433,449,373,453,444,375,357],"class_list":{"0":"post-1956","1":"product","2":"type-product","3":"status-publish","4":"has-post-thumbnail","6":"product_brand-marida","7":"product_cat-gekuhlte-produkte","8":"product_tag-fertiges-gericht","9":"product_tag-gekuhltes-gericht","10":"product_tag-hahnchen-kebab","11":"product_tag-halal","12":"product_tag-huhn","13":"product_tag-kebab","14":"product_tag-kurdische-kuche","15":"product_tag-turkische-kuche","17":"first","18":"instock","19":"shipping-taxable","20":"purchasable","21":"product-type-simple"},"acf":[],"_links":{"self":[{"href":"https:\/\/aslan-food.com\/de\/wp-json\/wp\/v2\/product\/1956","targetHints":{"allow":["GET"]}}],"collection":[{"href":"https:\/\/aslan-food.com\/de\/wp-json\/wp\/v2\/product"}],"about":[{"href":"https:\/\/aslan-food.com\/de\/wp-json\/wp\/v2\/types\/product"}],"replies":[{"embeddable":true,"href":"https:\/\/aslan-food.com\/de\/wp-json\/wp\/v2\/comments?post=1956"}],"wp:featuredmedia":[{"embeddable":true,"href":"https:\/\/aslan-food.com\/de\/wp-json\/wp\/v2\/media\/788"}],"wp:attachment":[{"href":"https:\/\/aslan-food.com\/de\/wp-json\/wp\/v2\/media?parent=1956"}],"wp:term":[{"taxonomy":"product_brand","embeddable":true,"href":"https:\/\/aslan-food.com\/de\/wp-json\/wp\/v2\/product_brand?post=1956"},{"taxonomy":"product_cat","embeddable":true,"href":"https:\/\/aslan-food.com\/de\/wp-json\/wp\/v2\/product_cat?post=1956"},{"taxonomy":"product_tag","embeddable":true,"href":"https:\/\/aslan-food.com\/de\/wp-json\/wp\/v2\/product_tag?post=1956"}],"curies":[{"name":"wp","href":"https:\/\/api.w.org\/{rel}","templated":true}]}}