{"id":1948,"date":"2025-05-12T11:38:33","date_gmt":"2025-05-12T11:38:33","guid":{"rendered":"https:\/\/aslan-food.com\/sklep\/rindfleisch-doener-mit-gemuese-und-knoblauchsauce\/"},"modified":"2025-05-12T11:38:33","modified_gmt":"2025-05-12T11:38:33","slug":"rindfleisch-doener-mit-gemuese-und-knoblauchsauce","status":"publish","type":"product","link":"https:\/\/aslan-food.com\/de\/sklep\/rindfleisch-doener-mit-gemuese-und-knoblauchsauce\/","title":{"rendered":"Rindfleisch-D\u00f6ner mit Gem\u00fcse und Knoblauchsauce"},"content":{"rendered":"<p>Rindfleisch-D\u00f6ner mit Gem\u00fcse und Knoblauchsauce<\/p>\n<p>Gebrauchsanweisung: Verzehrfertiges Produkt. Am besten beim Erhitzen: in einem Toaster (Kontaktgrill) f\u00fcr 4 min nach dem Entfernen der Schutzfolie oder in der Mikrowelle f\u00fcr 1 Minute ohne Entfernen der Folie. <\/p>\n<p><strong>Roastbeef<\/strong>  (Rindfleisch 83%, Wasser, Rinderfett, Salz, Gew\u00fcrzmischung (einschlie\u00dflich Sellerie), modifizierte St\u00e4rke, Maismehl, Dextrose, hydrolysiertes pflanzliches Eiwei\u00df (Mais), Sonnenblumen\u00f6l, Aroma, Kr\u00e4uter, Gew\u00fcrzextrakt, Sojaprotein, Stabilisatoren: Diphosphate, S\u00e4ureregulator: Natriumcitrat, fraktioniertes Erbsenerzeugnis, Zwiebel,  <strong>Pita<\/strong>  (Weizenmehl, Wasser, Sojamehl, Hefe, Zucker, Salz), Bouquet  <strong>Gem\u00fcse  <\/strong>in variablen Anteilen gekocht (Blumenkohl, Karotten)  <strong>Knoblauch-So\u00dfe<\/strong><strong>:  <\/strong>Mayonnaise (Raps\u00f6l, Senf (Branntweinessig, Wasser, Zucker, Senf, Salz, Zitronens\u00e4ure, Gew\u00fcrze), Wasser, H\u00fchnereigelb, Guarkernmehl, Xanthan, Antioxidationsmittel: Calciumdinatriumsalz EDTA), Naturjoghurt (Milch, Sahne (aus Milch), Milchproteine, lebende Kulturen von Joghurtbakterien, Senf (Wasser, wei\u00dfer Senf, Zucker, Apfelessig, Branntweinessig, Salz, Gew\u00fcrze, Farbstoff: Curcumin), Knoblauch, Kokos\u00f6l, Minze.<\/p>\n<p>Verpackung: Die Sandwiches werden unter Schutzatmosph\u00e4re in einer Einzelfolienverpackung und einer Kartonh\u00fclle verpackt. Sammelverpackung: Karton 15 St\u00fcck, 20 St\u00fcck.<br \/>\nLagerung: Im K\u00fchlschrank bei +2 bis +6\u00b0C lagern. Haltbarkeit 14 Tage ab dem Herstellungsdatum auf der Folienverpackung.  <\/p>\n<p>Nicht gentechnisch ver\u00e4ndert<\/p>\n","protected":false},"excerpt":{"rendered":"<p>Rindfleisch-D\u00f6ner mit Gem\u00fcse und Knoblauchsauce, 250g<\/p>\n","protected":false},"featured_media":805,"comment_status":"closed","ping_status":"closed","template":"","meta":{"_acf_changed":false},"product_brand":[37],"product_cat":[431,443],"product_tag":[432,433,373,375,445,358,357],"class_list":{"0":"post-1948","1":"product","2":"type-product","3":"status-publish","4":"has-post-thumbnail","6":"product_brand-marida","7":"product_cat-gekuhlte-produkte","8":"product_cat-kebab","9":"product_tag-fertiges-gericht","10":"product_tag-gekuhltes-gericht","11":"product_tag-halal","12":"product_tag-kurdische-kuche","13":"product_tag-rindfleisch-kebab","14":"product_tag-traditionelles-gericht","15":"product_tag-turkische-kuche","17":"first","18":"instock","19":"shipping-taxable","20":"purchasable","21":"product-type-simple"},"acf":[],"_links":{"self":[{"href":"https:\/\/aslan-food.com\/de\/wp-json\/wp\/v2\/product\/1948","targetHints":{"allow":["GET"]}}],"collection":[{"href":"https:\/\/aslan-food.com\/de\/wp-json\/wp\/v2\/product"}],"about":[{"href":"https:\/\/aslan-food.com\/de\/wp-json\/wp\/v2\/types\/product"}],"replies":[{"embeddable":true,"href":"https:\/\/aslan-food.com\/de\/wp-json\/wp\/v2\/comments?post=1948"}],"wp:featuredmedia":[{"embeddable":true,"href":"https:\/\/aslan-food.com\/de\/wp-json\/wp\/v2\/media\/805"}],"wp:attachment":[{"href":"https:\/\/aslan-food.com\/de\/wp-json\/wp\/v2\/media?parent=1948"}],"wp:term":[{"taxonomy":"product_brand","embeddable":true,"href":"https:\/\/aslan-food.com\/de\/wp-json\/wp\/v2\/product_brand?post=1948"},{"taxonomy":"product_cat","embeddable":true,"href":"https:\/\/aslan-food.com\/de\/wp-json\/wp\/v2\/product_cat?post=1948"},{"taxonomy":"product_tag","embeddable":true,"href":"https:\/\/aslan-food.com\/de\/wp-json\/wp\/v2\/product_tag?post=1948"}],"curies":[{"name":"wp","href":"https:\/\/api.w.org\/{rel}","templated":true}]}}