{"id":1926,"date":"2025-05-12T13:49:07","date_gmt":"2025-05-12T13:49:07","guid":{"rendered":"https:\/\/aslan-food.com\/sklep\/gefluegel-und-rindfleisch-doener-mit-gemuese-und-milder-sauce\/"},"modified":"2025-05-12T13:49:07","modified_gmt":"2025-05-12T13:49:07","slug":"gefluegel-und-rindfleisch-doener-mit-gemuese-und-milder-sauce","status":"publish","type":"product","link":"https:\/\/aslan-food.com\/de\/sklep\/gefluegel-und-rindfleisch-doener-mit-gemuese-und-milder-sauce\/","title":{"rendered":"Gefl\u00fcgel- und Rindfleisch-D\u00f6ner mit Gem\u00fcse und milder Sauce"},"content":{"rendered":"<p>Gefl\u00fcgel- und Rindfleisch-D\u00f6ner mit Gem\u00fcse und milder Sauce<\/p>\n<p>Gebrauchsanweisung: Verzehrfertiges Produkt. Am besten beim Erhitzen: in einem Toaster (Kontaktgrill) f\u00fcr 4 min nach dem Entfernen der Schutzfolie oder in der Mikrowelle f\u00fcr 1 Minute ohne Entfernen der Folie. <\/p>\n<p><strong>Gefl\u00fcgel und Rindfleisch<\/strong> zu gleichen Teilen (<strong>Gefl\u00fcgelfleisch<\/strong>  98%, Wasser, Salz, Geschmacksverst\u00e4rker: Mononatriumglutamat, Dextrose, Gew\u00fcrze und Kr\u00e4uter (u.a. Senf), Kartoffelst\u00e4rke, Gew\u00fcrzextrakte, Sojaprotein, Stabilisatoren: Diphosphate, Triphosphate, Verdickungsmittel: E1422, Weizenst\u00e4rke, S\u00e4ureregulator: Natriumacetat, Gew\u00fcrzmischung),  <strong>Rindfleisch<\/strong>  (Rindfleisch 83%, Wasser, Rinderfett, Salz, Gew\u00fcrzmischung (einschlie\u00dflich Sellerie), modifizierte St\u00e4rke, Maismehl, Dextrose, hydrolysiertes pflanzliches Eiwei\u00df (Mais), Sonnenblumen\u00f6l, Aroma, Kr\u00e4uter, Gew\u00fcrzextrakt, Sojaprotein, Stabilisatoren: Diphosphate, S\u00e4ureregulator: Natriumcitrat, fraktioniertes Erbsenerzeugnis, Zwiebel,  <strong>Pita<\/strong>  (Weizenmehl, Wasser, Sojamehl, Hefe, Zucker, Salz),  <strong>Ein Strau\u00df Gem\u00fcse<\/strong>  in variablen Anteilen gekocht (Blumenkohl, Karotte),  <strong>milde So\u00dfe<\/strong>  (Tomatenmark, Mayonnaise (Raps\u00f6l, Wasser, Eigelb, Zucker, Essig, Salz, Senf, Gew\u00fcrze, Konservierungsmittel: Kaliumsorbat, Zitronenaroma, S\u00e4ureregulator: Zitronens\u00e4ure, Carotin), Sonnenblumen\u00f6l, Paprikapaste (Paprika, Salz, Zitronens\u00e4ure).<\/p>\n<p>Verpackung: Die Sandwiches werden unter Schutzatmosph\u00e4re in einer Einzelfolienverpackung und einer Kartonh\u00fclle verpackt. Sammelverpackung: Karton 15 St\u00fcck, 20 St\u00fcck.<br \/>\nLagerung: Im K\u00fchlschrank bei +2 bis +6\u00b0C lagern. Haltbarkeit 14 Tage ab dem Herstellungsdatum auf der Folienverpackung.  <\/p>\n<p>Nicht gentechnisch ver\u00e4ndert<\/p>\n","protected":false},"excerpt":{"rendered":"<p>H\u00e4hnchen- und Rindfleisch-D\u00f6ner mit Gem\u00fcse und milder Sauce, 250g<\/p>\n","protected":false},"featured_media":841,"comment_status":"closed","ping_status":"closed","template":"","meta":{"_acf_changed":false},"product_brand":[37],"product_cat":[431,443],"product_tag":[432,455,433,373,444,375,446,358],"class_list":{"0":"post-1926","1":"product","2":"type-product","3":"status-publish","4":"has-post-thumbnail","6":"product_brand-marida","7":"product_cat-gekuhlte-produkte","8":"product_cat-kebab","9":"product_tag-fertiges-gericht","10":"product_tag-geflugel-und-rindfleisch-kebab","11":"product_tag-gekuhltes-gericht","12":"product_tag-halal","13":"product_tag-kebab","14":"product_tag-kurdische-kuche","15":"product_tag-milde-sose","16":"product_tag-traditionelles-gericht","18":"first","19":"instock","20":"shipping-taxable","21":"purchasable","22":"product-type-simple"},"acf":[],"_links":{"self":[{"href":"https:\/\/aslan-food.com\/de\/wp-json\/wp\/v2\/product\/1926","targetHints":{"allow":["GET"]}}],"collection":[{"href":"https:\/\/aslan-food.com\/de\/wp-json\/wp\/v2\/product"}],"about":[{"href":"https:\/\/aslan-food.com\/de\/wp-json\/wp\/v2\/types\/product"}],"replies":[{"embeddable":true,"href":"https:\/\/aslan-food.com\/de\/wp-json\/wp\/v2\/comments?post=1926"}],"wp:featuredmedia":[{"embeddable":true,"href":"https:\/\/aslan-food.com\/de\/wp-json\/wp\/v2\/media\/841"}],"wp:attachment":[{"href":"https:\/\/aslan-food.com\/de\/wp-json\/wp\/v2\/media?parent=1926"}],"wp:term":[{"taxonomy":"product_brand","embeddable":true,"href":"https:\/\/aslan-food.com\/de\/wp-json\/wp\/v2\/product_brand?post=1926"},{"taxonomy":"product_cat","embeddable":true,"href":"https:\/\/aslan-food.com\/de\/wp-json\/wp\/v2\/product_cat?post=1926"},{"taxonomy":"product_tag","embeddable":true,"href":"https:\/\/aslan-food.com\/de\/wp-json\/wp\/v2\/product_tag?post=1926"}],"curies":[{"name":"wp","href":"https:\/\/api.w.org\/{rel}","templated":true}]}}