{"id":1925,"date":"2025-05-12T11:33:12","date_gmt":"2025-05-12T11:33:12","guid":{"rendered":"https:\/\/aslan-food.com\/sklep\/haehnchen-kebab-mit-gemuese-und-knoblauchsauce\/"},"modified":"2025-05-12T11:33:12","modified_gmt":"2025-05-12T11:33:12","slug":"haehnchen-kebab-mit-gemuese-und-knoblauchsauce","status":"publish","type":"product","link":"https:\/\/aslan-food.com\/de\/sklep\/haehnchen-kebab-mit-gemuese-und-knoblauchsauce\/","title":{"rendered":"H\u00e4hnchen-Kebab mit Gem\u00fcse und Knoblauchsauce"},"content":{"rendered":"<p>H\u00e4hnchen-Kebab mit Gem\u00fcse und Knoblauchsauce<\/p>\n<p>Gebrauchsanweisung: Verzehrfertiges Produkt. Am besten beim Erhitzen: in einem Toaster (Kontaktgrill) f\u00fcr 4 min nach dem Entfernen der Schutzfolie oder in der Mikrowelle f\u00fcr 1 Minute ohne Entfernen der Folie. <\/p>\n<p><strong>Gebratenes Gefl\u00fcgelfleisch  <\/strong>(Gefl\u00fcgelfleisch 98%, Wasser, Salz, Geschmacksverst\u00e4rker: Mononatriumglutamat, Dextrose, Gew\u00fcrze und Kr\u00e4uter (u.a. Senf), Kartoffelst\u00e4rke, Gew\u00fcrzextrakte, Sojaprotein, Stabilisatoren: Diphosphate, Triphosphate, Verdickungsmittel: E1422, Weizenst\u00e4rke, S\u00e4ureregulator: Natriumacetat, Gew\u00fcrzmischung),  <strong>Pita<\/strong>  (Weizenmehl, Wasser, Sojamehl, Hefe, Zucker, Salz), Bouquet  <strong>Gem\u00fcse  <\/strong>in variablen Anteilen gekocht (Blumenkohl, Karotten)  <strong>Knoblauch-So\u00dfe<\/strong><strong>:  <\/strong>Mayonnaise (Raps\u00f6l, Senf (Branntweinessig, Wasser, Zucker, Senf, Salz, Zitronens\u00e4ure, Gew\u00fcrze), Wasser, H\u00fchnereigelb, Guarkernmehl, Xanthan, Antioxidationsmittel: Calciumdinatriumsalz EDTA), Naturjoghurt (Milch, Sahne (aus Milch), Milchproteine, lebende Kulturen von Joghurtbakterien, Senf (Wasser, wei\u00dfer Senf, Zucker, Apfelessig, Branntweinessig, Salz, Gew\u00fcrze, Farbstoff: Curcumin), Knoblauch, Kokos\u00f6l, Minze.<\/p>\n<p>Verpackung: Die Sandwiches werden unter Schutzatmosph\u00e4re in einer Einzelfolienverpackung und einer Kartonh\u00fclle verpackt. Sammelverpackung: Karton 15 St\u00fcck, 20 St\u00fcck.<br \/>\nLagerung: Im K\u00fchlschrank bei +2 bis +6\u00b0C lagern. Haltbarkeit 14 Tage ab dem Herstellungsdatum auf der Folienverpackung.  <\/p>\n<p>Nicht gentechnisch ver\u00e4ndert<\/p>\n","protected":false},"excerpt":{"rendered":"<p>H\u00e4hnchen-Kebab mit Gem\u00fcse und Knoblauchsauce, 250g<\/p>\n","protected":false},"featured_media":803,"comment_status":"closed","ping_status":"closed","template":"","meta":{"_acf_changed":false},"product_brand":[140,37],"product_cat":[431,443],"product_tag":[432,433,449,373,453,444,454,375,358],"class_list":{"0":"post-1925","1":"product","2":"type-product","3":"status-publish","4":"has-post-thumbnail","6":"product_brand-aslan","7":"product_brand-marida","8":"product_cat-gekuhlte-produkte","9":"product_cat-kebab","10":"product_tag-fertiges-gericht","11":"product_tag-gekuhltes-gericht","12":"product_tag-hahnchen-kebab","13":"product_tag-halal","14":"product_tag-huhn","15":"product_tag-kebab","16":"product_tag-knoblauch-sose","17":"product_tag-kurdische-kuche","18":"product_tag-traditionelles-gericht","20":"first","21":"instock","22":"shipping-taxable","23":"purchasable","24":"product-type-simple"},"acf":[],"_links":{"self":[{"href":"https:\/\/aslan-food.com\/de\/wp-json\/wp\/v2\/product\/1925","targetHints":{"allow":["GET"]}}],"collection":[{"href":"https:\/\/aslan-food.com\/de\/wp-json\/wp\/v2\/product"}],"about":[{"href":"https:\/\/aslan-food.com\/de\/wp-json\/wp\/v2\/types\/product"}],"replies":[{"embeddable":true,"href":"https:\/\/aslan-food.com\/de\/wp-json\/wp\/v2\/comments?post=1925"}],"wp:featuredmedia":[{"embeddable":true,"href":"https:\/\/aslan-food.com\/de\/wp-json\/wp\/v2\/media\/803"}],"wp:attachment":[{"href":"https:\/\/aslan-food.com\/de\/wp-json\/wp\/v2\/media?parent=1925"}],"wp:term":[{"taxonomy":"product_brand","embeddable":true,"href":"https:\/\/aslan-food.com\/de\/wp-json\/wp\/v2\/product_brand?post=1925"},{"taxonomy":"product_cat","embeddable":true,"href":"https:\/\/aslan-food.com\/de\/wp-json\/wp\/v2\/product_cat?post=1925"},{"taxonomy":"product_tag","embeddable":true,"href":"https:\/\/aslan-food.com\/de\/wp-json\/wp\/v2\/product_tag?post=1925"}],"curies":[{"name":"wp","href":"https:\/\/api.w.org\/{rel}","templated":true}]}}