{"id":1920,"date":"2025-05-21T09:16:04","date_gmt":"2025-05-21T09:16:04","guid":{"rendered":"https:\/\/aslan-food.com\/sklep\/basmati-reis-1121-sella-1kg\/"},"modified":"2025-05-21T09:16:04","modified_gmt":"2025-05-21T09:16:04","slug":"basmati-reis-1121-sella-1kg","status":"publish","type":"product","link":"https:\/\/aslan-food.com\/de\/sklep\/basmati-reis-1121-sella-1kg\/","title":{"rendered":"Basmati Reis 1121 Sella 1kg"},"content":{"rendered":"<p class=\"\" data-start=\"102\" data-end=\"162\"><strong data-start=\"102\" data-end=\"162\">Basmatireis 1121 Sella Kebok \u2013 1000g<\/strong><\/p>\n<p class=\"\" data-start=\"164\" data-end=\"499\">Langk\u00f6rnig, leicht ged\u00e4mpft und voller Aroma \u2013 Basmatireis 1121 Sella von KEBOK ist die perfekte Wahl f\u00fcr Liebhaber der orientalischen K\u00fcche und dar\u00fcber hinaus. Dank des Parboiling-Verfahrens bleiben die Bohnen nach dem Kochen locker und behalten so ihre Elastizit\u00e4t und ihren nat\u00fcrlichen Geschmack. Perfekt zu Currys, Biryani, Reissalaten oder eleganten Beilagen zum Abendessen.  <\/p>\n<p class=\"\" data-start=\"501\" data-end=\"698\">\u2714 Hochwertiger Basmatireis 1121 Typ Sella (parboiled)<br data-start=\"559\" data-end=\"562\">\u2714 Locker, federnd und extra lange nach dem Kochen<br data-start=\"612\" data-end=\"615\">\u2714 Zart nussiges Aroma<br data-start=\"643\" data-end=\"646\">\u2714 Ideal f\u00fcr indische, asiatische und Fusionsk\u00fcche<\/p>\n<p class=\"\" data-start=\"700\" data-end=\"758\">1000g Packung \u2013 die perfekte Portion f\u00fcr die t\u00e4gliche K\u00fcche.<\/p>\n<p data-start=\"609\" data-end=\"671\">Wir verkaufen auch in Packungen von 400 g, 5 kg, 10 kg<\/p>\n<p data-start=\"609\" data-end=\"671\">Individuelle Angebote f\u00fcr Unternehmer.<\/p>\n","protected":false},"excerpt":{"rendered":"<p>Basmatireis 1121 Sella von Kebok, langk\u00f6rnig, leicht ged\u00e4mpft, 1000g<\/p>\n","protected":false},"featured_media":876,"comment_status":"closed","ping_status":"closed","template":"","meta":{"_acf_changed":false},"product_brand":[34],"product_cat":[411],"product_tag":[452,450,451,442,375,376,356,357,362],"class_list":{"0":"post-1920","1":"product","2":"type-product","3":"status-publish","4":"has-post-thumbnail","6":"product_brand-kebok","7":"product_cat-schuttguter","8":"product_tag-basmatireis-1121-sella","9":"product_tag-chinesische-kuche","10":"product_tag-japanische-kuche","11":"product_tag-kebok","12":"product_tag-kurdische-kuche","13":"product_tag-polnische-kuche","14":"product_tag-traditionelle-kuche","15":"product_tag-turkische-kuche","16":"product_tag-veggie","18":"first","19":"instock","20":"shipping-taxable","21":"purchasable","22":"product-type-simple"},"acf":[],"_links":{"self":[{"href":"https:\/\/aslan-food.com\/de\/wp-json\/wp\/v2\/product\/1920","targetHints":{"allow":["GET"]}}],"collection":[{"href":"https:\/\/aslan-food.com\/de\/wp-json\/wp\/v2\/product"}],"about":[{"href":"https:\/\/aslan-food.com\/de\/wp-json\/wp\/v2\/types\/product"}],"replies":[{"embeddable":true,"href":"https:\/\/aslan-food.com\/de\/wp-json\/wp\/v2\/comments?post=1920"}],"wp:featuredmedia":[{"embeddable":true,"href":"https:\/\/aslan-food.com\/de\/wp-json\/wp\/v2\/media\/876"}],"wp:attachment":[{"href":"https:\/\/aslan-food.com\/de\/wp-json\/wp\/v2\/media?parent=1920"}],"wp:term":[{"taxonomy":"product_brand","embeddable":true,"href":"https:\/\/aslan-food.com\/de\/wp-json\/wp\/v2\/product_brand?post=1920"},{"taxonomy":"product_cat","embeddable":true,"href":"https:\/\/aslan-food.com\/de\/wp-json\/wp\/v2\/product_cat?post=1920"},{"taxonomy":"product_tag","embeddable":true,"href":"https:\/\/aslan-food.com\/de\/wp-json\/wp\/v2\/product_tag?post=1920"}],"curies":[{"name":"wp","href":"https:\/\/api.w.org\/{rel}","templated":true}]}}