{"id":1914,"date":"2025-06-04T08:18:11","date_gmt":"2025-06-04T08:18:11","guid":{"rendered":"https:\/\/aslan-food.com\/sklep\/adana-kebab\/"},"modified":"2025-06-04T08:18:11","modified_gmt":"2025-06-04T08:18:11","slug":"adana-kebab","status":"publish","type":"product","link":"https:\/\/aslan-food.com\/de\/sklep\/adana-kebab\/","title":{"rendered":"Adana Kebab"},"content":{"rendered":"<p>Adana: Rindfleisch-Kebab mit Gem\u00fcse, K\u00e4se und einer originellen milden Sauce.<br \/>\nRindfleisch-Kebab im Sesam-Baguette.<\/p>\n<p>ZUTATEN: <strong>Adana<\/strong>: Rinderhackfleisch, Paprika, Salz, <strong>Fingerling<\/strong>: Weizenmehl, Wasser, Margarine, Hefe, Sesam, Salz, Zucker, Zitronens\u00e4ure, Kaliumsorbat, Aroma, nat\u00fcrliche Lebensmittelfarbe \u2013 Annatto, Mono- und Diglyceride von Speisefetts\u00e4uren, SOJAMEHL, Ascorbins\u00e4ure, <strong>Sauce<\/strong>: Tomatenmark, Mayonnaise: Raps\u00f6l, Senf (einschlie\u00dflich SENF, Branntweinessig, Zitronens\u00e4ure), H\u00dcHNEREIER, Gew\u00fcrze), Paprika, Chili, modifizierte St\u00e4rke, Oregano,  Kreuzk\u00fcmmel, getrockneter Knoblauch, SOJASAUCE, Melasse, Zwiebel, Salz, Zucker, Aroma, Kaliumsorbat, Raucharoma, Gem\u00fcse in variablen Anteilen <strong>gekocht<\/strong> : Blumenkohl, Karotte, <strong>Cheddar:<\/strong> KUHMILCH, Salz, Stabilisator: Calciumchlorid, Bakterienkulturen, Farbstoff: Carotin.<\/p>\n<table>\n<tbody>\n<tr>\n<td width=\"302\">Energiewert\/Kalorien pro 100g<\/td>\n<td width=\"302\">250,2 kcal<\/td>\n<\/tr>\n<tr>\n<td width=\"302\">Fett\/ Fett<\/p>\n<p>davon ges\u00e4ttigte Fetts\u00e4uren<\/td>\n<td width=\"302\">13 g<\/p>\n<p>4,2 g<\/td>\n<\/tr>\n<tr>\n<td width=\"302\">Kohlenhydrate<\/p>\n<p>davon Zucker<\/td>\n<td width=\"302\">20,8 g<\/p>\n<p>3,3 g<\/td>\n<\/tr>\n<tr>\n<td width=\"302\">Eiwei\u00df\/ Eiwei\u00df<\/td>\n<td width=\"302\">ca. 10,1 g<\/td>\n<\/tr>\n<tr>\n<td width=\"302\">Salz\/ Salz<\/td>\n<td width=\"302\">ca. 1,4 g<\/td>\n<\/tr>\n<\/tbody>\n<\/table>\n","protected":false},"excerpt":{"rendered":"<p>Adana Rindfleisch Kebab, 250g<\/p>\n","protected":false},"featured_media":924,"comment_status":"closed","ping_status":"closed","template":"","meta":{"_acf_changed":false},"product_brand":[140,37],"product_cat":[431,443],"product_tag":[447,433,448,444,375,446,445,356,357],"class_list":{"0":"post-1914","1":"product","2":"type-product","3":"status-publish","4":"has-post-thumbnail","6":"product_brand-aslan","7":"product_brand-marida","8":"product_cat-gekuhlte-produkte","9":"product_cat-kebab","10":"product_tag-detail","11":"product_tag-gekuhltes-gericht","12":"product_tag-groshandel","13":"product_tag-kebab","14":"product_tag-kurdische-kuche","15":"product_tag-milde-sose","16":"product_tag-rindfleisch-kebab","17":"product_tag-traditionelle-kuche","18":"product_tag-turkische-kuche","20":"first","21":"instock","22":"shipping-taxable","23":"purchasable","24":"product-type-simple"},"acf":[],"_links":{"self":[{"href":"https:\/\/aslan-food.com\/de\/wp-json\/wp\/v2\/product\/1914","targetHints":{"allow":["GET"]}}],"collection":[{"href":"https:\/\/aslan-food.com\/de\/wp-json\/wp\/v2\/product"}],"about":[{"href":"https:\/\/aslan-food.com\/de\/wp-json\/wp\/v2\/types\/product"}],"replies":[{"embeddable":true,"href":"https:\/\/aslan-food.com\/de\/wp-json\/wp\/v2\/comments?post=1914"}],"wp:featuredmedia":[{"embeddable":true,"href":"https:\/\/aslan-food.com\/de\/wp-json\/wp\/v2\/media\/924"}],"wp:attachment":[{"href":"https:\/\/aslan-food.com\/de\/wp-json\/wp\/v2\/media?parent=1914"}],"wp:term":[{"taxonomy":"product_brand","embeddable":true,"href":"https:\/\/aslan-food.com\/de\/wp-json\/wp\/v2\/product_brand?post=1914"},{"taxonomy":"product_cat","embeddable":true,"href":"https:\/\/aslan-food.com\/de\/wp-json\/wp\/v2\/product_cat?post=1914"},{"taxonomy":"product_tag","embeddable":true,"href":"https:\/\/aslan-food.com\/de\/wp-json\/wp\/v2\/product_tag?post=1914"}],"curies":[{"name":"wp","href":"https:\/\/api.w.org\/{rel}","templated":true}]}}