{"id":1909,"date":"2025-05-12T13:59:07","date_gmt":"2025-05-12T13:59:07","guid":{"rendered":"https:\/\/aslan-food.com\/sklep\/rindfleisch-doener-mit-gemuese-und-milder-sauce\/"},"modified":"2025-05-12T13:59:07","modified_gmt":"2025-05-12T13:59:07","slug":"rindfleisch-doener-mit-gemuese-und-milder-sauce","status":"publish","type":"product","link":"https:\/\/aslan-food.com\/de\/sklep\/rindfleisch-doener-mit-gemuese-und-milder-sauce\/","title":{"rendered":"Rindfleisch-D\u00f6ner mit Gem\u00fcse und milder Sauce"},"content":{"rendered":"<p>Rindfleisch-D\u00f6ner mit Gem\u00fcse und milder Sauce<\/p>\n<p>Gebrauchsanweisung: Verzehrfertiges Produkt. Am besten beim Erhitzen: in einem Toaster (Kontaktgrill) f\u00fcr 4 min nach dem Entfernen der Schutzfolie oder in der Mikrowelle f\u00fcr 1 Minute ohne Entfernen der Folie. <\/p>\n<p><strong>Gebratenes Rindfleisch<\/strong> (Rindfleisch 83%, Wasser, Rinderfett, Salz, Gew\u00fcrzmischung (einschlie\u00dflich Sellerie), modifizierte St\u00e4rke, Maismehl, Dextrose, hydrolysiertes pflanzliches Protein (Mais), Sonnenblumen\u00f6l, Aroma, Kr\u00e4uter, Gew\u00fcrzextrakt, Sojaprotein, Stabilisatoren: Diphosphate, S\u00e4ureregulator: Natriumcitrat, fraktioniertes Erbsenprodukt, Zwiebel, <strong>Pita<\/strong> (Weizenmehl, Wasser, Sojamehl, Hefe, Zucker, Salz), <strong>Gem\u00fcsebouquet<\/strong> In variablen Verh\u00e4ltnissen gekocht (Blumenkohl, Karotte), <strong>milde So\u00dfe<\/strong> (Tomatenmark, Mayonnaise (Raps\u00f6l, Wasser, Eigelb, Zucker, Essig, Salz, Senf, Gew\u00fcrze, Konservierungsmittel: Kaliumsorbat, Zitronenaroma, S\u00e4ureregulator: Zitronens\u00e4ure, Carotin), Sonnenblumen\u00f6l, Paprikapaste (Paprika, Salz, Zitronens\u00e4ure).<\/p>\n<p>Verpackung: Die Sandwiches werden unter Schutzatmosph\u00e4re in einer Einzelfolienverpackung und einer Kartonh\u00fclle verpackt. Sammelverpackung: Karton 15 St\u00fcck, 20 St\u00fcck.<br \/>\nLagerung: Im K\u00fchlschrank bei +2 bis +6\u00b0C lagern. Haltbarkeit 14 Tage ab dem Herstellungsdatum auf der Folienverpackung.  <\/p>\n<p>Nicht gentechnisch ver\u00e4ndert<\/p>\n","protected":false},"excerpt":{"rendered":"<p>Rindfleisch-D\u00f6ner mit Gem\u00fcse und milder Sauce, 250g<\/p>\n","protected":false},"featured_media":845,"comment_status":"closed","ping_status":"closed","template":"","meta":{"_acf_changed":false},"product_brand":[140,37],"product_cat":[431,443],"product_tag":[432,433,373,375,446,445,358],"class_list":{"0":"post-1909","1":"product","2":"type-product","3":"status-publish","4":"has-post-thumbnail","6":"product_brand-aslan","7":"product_brand-marida","8":"product_cat-gekuhlte-produkte","9":"product_cat-kebab","10":"product_tag-fertiges-gericht","11":"product_tag-gekuhltes-gericht","12":"product_tag-halal","13":"product_tag-kurdische-kuche","14":"product_tag-milde-sose","15":"product_tag-rindfleisch-kebab","16":"product_tag-traditionelles-gericht","18":"first","19":"instock","20":"shipping-taxable","21":"purchasable","22":"product-type-simple"},"acf":[],"_links":{"self":[{"href":"https:\/\/aslan-food.com\/de\/wp-json\/wp\/v2\/product\/1909","targetHints":{"allow":["GET"]}}],"collection":[{"href":"https:\/\/aslan-food.com\/de\/wp-json\/wp\/v2\/product"}],"about":[{"href":"https:\/\/aslan-food.com\/de\/wp-json\/wp\/v2\/types\/product"}],"replies":[{"embeddable":true,"href":"https:\/\/aslan-food.com\/de\/wp-json\/wp\/v2\/comments?post=1909"}],"wp:featuredmedia":[{"embeddable":true,"href":"https:\/\/aslan-food.com\/de\/wp-json\/wp\/v2\/media\/845"}],"wp:attachment":[{"href":"https:\/\/aslan-food.com\/de\/wp-json\/wp\/v2\/media?parent=1909"}],"wp:term":[{"taxonomy":"product_brand","embeddable":true,"href":"https:\/\/aslan-food.com\/de\/wp-json\/wp\/v2\/product_brand?post=1909"},{"taxonomy":"product_cat","embeddable":true,"href":"https:\/\/aslan-food.com\/de\/wp-json\/wp\/v2\/product_cat?post=1909"},{"taxonomy":"product_tag","embeddable":true,"href":"https:\/\/aslan-food.com\/de\/wp-json\/wp\/v2\/product_tag?post=1909"}],"curies":[{"name":"wp","href":"https:\/\/api.w.org\/{rel}","templated":true}]}}