{"id":1908,"date":"2025-06-04T08:38:58","date_gmt":"2025-06-04T08:38:58","guid":{"rendered":"https:\/\/aslan-food.com\/sklep\/kofta\/"},"modified":"2025-06-04T08:38:58","modified_gmt":"2025-06-04T08:38:58","slug":"kofta","status":"publish","type":"product","link":"https:\/\/aslan-food.com\/de\/sklep\/kofta\/","title":{"rendered":"Kofta"},"content":{"rendered":"<p>Kurdische Rindfleisch-Patties von Kofta mit Gem\u00fcse, K\u00e4se und original milder So\u00dfe in einem Sesambaguette.<\/p>\n<p>ZUTATEN: Rinderhackfleisch, Paprika, Salz,  <strong>Daumen<\/strong>: WEIZENMEHL, Wasser, Margarine, Hefe, Sesam, Salz, Zucker, Zitronens\u00e4ure, Kaliumsorbat, Aroma, nat\u00fcrliche Lebensmittelfarbe \u2013 Annatto, Mono- und Diglyceride von Speisefetts\u00e4uren, Sojamehl, Ascorbins\u00e4ure,  <strong>So\u00dfe<\/strong>: Tomatenmark, Mayonnaise: Raps\u00f6l, Senf (u.a. SENF, Branntweinessig, Zitronens\u00e4ure), H\u00dcHNEREIER, Gew\u00fcrze), Paprika, Chili, modifizierte St\u00e4rke, Oregano, Kreuzk\u00fcmmel, getrockneter Knoblauch, SOJASAUCE, Melasse, Zwiebel, Salz, Zucker, Aroma, Kaliumsorbat, Raucharoma, Naturjoghurt: KUHMILCH, MILCHSAHNE, KUHMILCHPROTEINE, Joghurtbakterienkulturen, Kokos\u00f6l,  <strong>Gekochtes Gem\u00fcse<\/strong>  in variablen Anteilen: Blumenkohl, Karotte,  <strong>Cheddar<\/strong>: KUHMILCH, Salz, Stabilisator: Calciumchlorid, Bakterienkulturen, Farbstoff: Carotin.<\/p>\n<p>N\u00e4hrwerttabelle<\/p>\n<table>\n<tbody>\n<tr>\n<td width=\"302\">Energiewert\/Kalorien pro 100g<\/td>\n<td width=\"302\">253 kcal<\/td>\n<\/tr>\n<tr>\n<td width=\"302\">Fett\/ Fett<\/p>\n<p>davon ges\u00e4ttigte Fetts\u00e4uren<\/td>\n<td width=\"302\">14,1 g<\/p>\n<p>4,2 g<\/td>\n<\/tr>\n<tr>\n<td width=\"302\">Kohlenhydrate<\/p>\n<p>davon Zucker\/ Zucker<\/td>\n<td width=\"302\">21,1 g<\/p>\n<p>3,2 g<\/td>\n<\/tr>\n<tr>\n<td width=\"302\">Eiwei\u00df\/ Eiwei\u00df<\/td>\n<td width=\"302\">9,9 g<\/td>\n<\/tr>\n<tr>\n<td width=\"302\">Salz\/ Salz<\/td>\n<td width=\"302\">ca. 1,4 g<\/td>\n<\/tr>\n<\/tbody>\n<\/table>\n","protected":false},"excerpt":{"rendered":"<p>Kurdische Rindfleisch-Patties von Kofta mit Gem\u00fcse, K\u00e4se und Originalsauce im Sesambaguette, 250g<\/p>\n","protected":false},"featured_media":927,"comment_status":"closed","ping_status":"closed","template":"","meta":{"_acf_changed":false},"product_brand":[140,37],"product_cat":[431,443],"product_tag":[433,368,373,444,375,445,358],"class_list":{"0":"post-1908","1":"product","2":"type-product","3":"status-publish","4":"has-post-thumbnail","6":"product_brand-aslan","7":"product_brand-marida","8":"product_cat-gekuhlte-produkte","9":"product_cat-kebab","10":"product_tag-gekuhltes-gericht","11":"product_tag-gesundes-essen","12":"product_tag-halal","13":"product_tag-kebab","14":"product_tag-kurdische-kuche","15":"product_tag-rindfleisch-kebab","16":"product_tag-traditionelles-gericht","18":"first","19":"instock","20":"shipping-taxable","21":"purchasable","22":"product-type-simple"},"acf":[],"_links":{"self":[{"href":"https:\/\/aslan-food.com\/de\/wp-json\/wp\/v2\/product\/1908","targetHints":{"allow":["GET"]}}],"collection":[{"href":"https:\/\/aslan-food.com\/de\/wp-json\/wp\/v2\/product"}],"about":[{"href":"https:\/\/aslan-food.com\/de\/wp-json\/wp\/v2\/types\/product"}],"replies":[{"embeddable":true,"href":"https:\/\/aslan-food.com\/de\/wp-json\/wp\/v2\/comments?post=1908"}],"wp:featuredmedia":[{"embeddable":true,"href":"https:\/\/aslan-food.com\/de\/wp-json\/wp\/v2\/media\/927"}],"wp:attachment":[{"href":"https:\/\/aslan-food.com\/de\/wp-json\/wp\/v2\/media?parent=1908"}],"wp:term":[{"taxonomy":"product_brand","embeddable":true,"href":"https:\/\/aslan-food.com\/de\/wp-json\/wp\/v2\/product_brand?post=1908"},{"taxonomy":"product_cat","embeddable":true,"href":"https:\/\/aslan-food.com\/de\/wp-json\/wp\/v2\/product_cat?post=1908"},{"taxonomy":"product_tag","embeddable":true,"href":"https:\/\/aslan-food.com\/de\/wp-json\/wp\/v2\/product_tag?post=1908"}],"curies":[{"name":"wp","href":"https:\/\/api.w.org\/{rel}","templated":true}]}}