{"id":1902,"date":"2025-05-20T08:16:40","date_gmt":"2025-05-20T08:16:40","guid":{"rendered":"https:\/\/aslan-food.com\/sklep\/grober-bulgur-1kg\/"},"modified":"2025-05-20T08:16:40","modified_gmt":"2025-05-20T08:16:40","slug":"grober-bulgur-1kg","status":"publish","type":"product","link":"https:\/\/aslan-food.com\/de\/sklep\/grober-bulgur-1kg\/","title":{"rendered":"Grober Bulgur 1kg"},"content":{"rendered":"<p class=\"\" data-start=\"84\" data-end=\"132\"><strong data-start=\"84\" data-end=\"132\">Kebok grober Bulgur \u2013 vegan, 1000g<\/strong><\/p>\n<p class=\"\" data-start=\"134\" data-end=\"432\">Tradition und Gesundheit auf dem Teller! Grober Bulgur aus Kebok ist eine nahrhafte Gr\u00fctze aus Hartweizen, schonend gebraut und gebrochen, die ihren vollen N\u00e4hrwert beh\u00e4lt. Seine gr\u00f6\u00dferen K\u00f6rner eignen sich ideal f\u00fcr Eintopfgerichte, Aufl\u00e4ufe, Pilaw oder als Ersatz f\u00fcr Reis oder Kartoffeln.  <\/p>\n<p class=\"\" data-start=\"434\" data-end=\"607\">\u2714 Nat\u00fcrlich und vegan<br data-start=\"456\" data-end=\"459\">\u2714 Markante Struktur und leicht nussiger Geschmack<br data-start=\"503\" data-end=\"506\">\u2714 Reich an Ballaststoffen und Mineralien<br data-start=\"558\" data-end=\"561\">\u2714 Ideal f\u00fcr Abendgerichte und pflanzliche K\u00fcche<\/p>\n<p class=\"\" data-start=\"609\" data-end=\"671\">1000g Packung \u2013 perfekt f\u00fcr das t\u00e4gliche Kochen mit einer Idee.<\/p>\n<p data-start=\"609\" data-end=\"671\">Wir verkaufen auch in Packungen von 400 g, 5 kg, 10 kg<\/p>\n<p data-start=\"609\" data-end=\"671\">Individuelle Angebote f\u00fcr Unternehmer.<\/p>\n","protected":false},"excerpt":{"rendered":"<p>Grober Bulgur Kebok, vegan, 1000g<\/p>\n","protected":false},"featured_media":860,"comment_status":"closed","ping_status":"closed","template":"","meta":{"_acf_changed":false},"product_brand":[34],"product_cat":[411],"product_tag":[437,442,375,376,356,362],"class_list":{"0":"post-1902","1":"product","2":"type-product","3":"status-publish","4":"has-post-thumbnail","6":"product_brand-kebok","7":"product_cat-schuttguter","8":"product_tag-bulgur","9":"product_tag-kebok","10":"product_tag-kurdische-kuche","11":"product_tag-polnische-kuche","12":"product_tag-traditionelle-kuche","13":"product_tag-veggie","15":"first","16":"instock","17":"shipping-taxable","18":"purchasable","19":"product-type-simple"},"acf":[],"_links":{"self":[{"href":"https:\/\/aslan-food.com\/de\/wp-json\/wp\/v2\/product\/1902","targetHints":{"allow":["GET"]}}],"collection":[{"href":"https:\/\/aslan-food.com\/de\/wp-json\/wp\/v2\/product"}],"about":[{"href":"https:\/\/aslan-food.com\/de\/wp-json\/wp\/v2\/types\/product"}],"replies":[{"embeddable":true,"href":"https:\/\/aslan-food.com\/de\/wp-json\/wp\/v2\/comments?post=1902"}],"wp:featuredmedia":[{"embeddable":true,"href":"https:\/\/aslan-food.com\/de\/wp-json\/wp\/v2\/media\/860"}],"wp:attachment":[{"href":"https:\/\/aslan-food.com\/de\/wp-json\/wp\/v2\/media?parent=1902"}],"wp:term":[{"taxonomy":"product_brand","embeddable":true,"href":"https:\/\/aslan-food.com\/de\/wp-json\/wp\/v2\/product_brand?post=1902"},{"taxonomy":"product_cat","embeddable":true,"href":"https:\/\/aslan-food.com\/de\/wp-json\/wp\/v2\/product_cat?post=1902"},{"taxonomy":"product_tag","embeddable":true,"href":"https:\/\/aslan-food.com\/de\/wp-json\/wp\/v2\/product_tag?post=1902"}],"curies":[{"name":"wp","href":"https:\/\/api.w.org\/{rel}","templated":true}]}}