{"id":1894,"date":"2025-06-04T15:02:00","date_gmt":"2025-06-04T15:02:00","guid":{"rendered":"https:\/\/aslan-food.com\/sklep\/cheeseburger\/"},"modified":"2025-06-04T15:02:00","modified_gmt":"2025-06-04T15:02:00","slug":"cheeseburger","status":"publish","type":"product","link":"https:\/\/aslan-food.com\/de\/sklep\/cheeseburger\/","title":{"rendered":"Cheeseburger"},"content":{"rendered":"<p>Rindfleisch-Cheeseburger mit Zwiebeln und goldener So\u00dfe im Burgerbr\u00f6tchen.<\/p>\n<p>ZUSAMMENSETZUNG:  <strong>Rinderhack<\/strong>  (Rindfleisch 90%, Wasser, Gew\u00fcrzmischung: Paniermehl (WEIZEN, Salz, Zucker, Hefeextrakt), SOJAPROTEIN, Aroma, Dextrose, Gew\u00fcrze (mit Sellerie), Sonnenblumen\u00f6l),  <strong>rollen<\/strong>  (WEIZENMEHL, Wasser, Zucker, Margarine (Pflanzen\u00f6le), Sesamhefe, Salz, Zitronens\u00e4ure, Kaliumsorbat, Aromastoffe, nat\u00fcrliche Lebensmittelfarbstoffe \u2013 Annatto, Mono- und Diglyceride von Speisefetts\u00e4uren, Sojamehl, Ascorbins\u00e4ure, Enzyme),  <strong>karamellisierte Zwiebel<\/strong>  (Zwiebel, Zucker, Sojasauce, Sonnenblumen\u00f6l),  <strong>Cheddar<\/strong>  (KUHMILCH, Salz, Stabilisator: Calciumchlorid, Bakterienkulturen, Farbstoff: Carotin),  <strong>Goldene So\u00dfe<\/strong>: Tomatenkonzentrat, Raps\u00f6l, Senf (einschlie\u00dflich SENF), H\u00fchnereier, Chilischote, Kokos\u00f6l, Gew\u00fcrze: einschlie\u00dflich Knoblauch, s\u00fc\u00dfer Paprika, Peperoni, Minze, Oregano, modifizierte Maisst\u00e4rke, Verdickungsmittel: Xanthan, Zucker, Essig, Zuckersirup, Melasse, Salz, Zitronens\u00e4ure, Essigs\u00e4ure, Kaliumsorbat, nat\u00fcrliches Aroma, Raucharoma.<\/p>\n<table>\n<tbody>\n<tr>\n<td width=\"302\">Energie\/Kalorien<\/td>\n<td width=\"302\">270,5 kcal<\/td>\n<\/tr>\n<tr>\n<td width=\"302\">Fett\/ Fett<\/p>\n<p>davon ges\u00e4ttigte Fetts\u00e4uren<\/td>\n<td width=\"302\">15,7 g<\/p>\n<p>6,1 g<\/td>\n<\/tr>\n<tr>\n<td width=\"302\">Kohlenhydrate<\/p>\n<p>davon Zucker\/ Zucker<\/td>\n<td width=\"302\">19,9 g<\/p>\n<p>3 g<\/td>\n<\/tr>\n<tr>\n<td width=\"302\">Eiwei\u00df\/ Eiwei\u00df<\/td>\n<td width=\"302\">ca. 11,9 g<\/td>\n<\/tr>\n<tr>\n<td width=\"302\">Salz\/ Salz<\/td>\n<td width=\"302\">ca. 1,5 g<\/td>\n<\/tr>\n<\/tbody>\n<\/table>\n","protected":false},"excerpt":{"rendered":"<p>Rindfleisch-Cheeseburger mit Zwiebeln und goldener So\u00dfe im Burgerbr\u00f6tchen, 250g<\/p>\n","protected":false},"featured_media":947,"comment_status":"closed","ping_status":"closed","template":"","meta":{"_acf_changed":false},"product_brand":[37],"product_cat":[431],"product_tag":[434,435,432,433,436,373],"class_list":{"0":"post-1894","1":"product","2":"type-product","3":"status-publish","4":"has-post-thumbnail","6":"product_brand-marida","7":"product_cat-gekuhlte-produkte","8":"product_tag-cheeseburger","9":"product_tag-fastfood","10":"product_tag-fertiges-gericht","11":"product_tag-gekuhltes-gericht","12":"product_tag-gericht-mit-rindfleisch","13":"product_tag-halal","15":"first","16":"instock","17":"shipping-taxable","18":"purchasable","19":"product-type-simple"},"acf":[],"_links":{"self":[{"href":"https:\/\/aslan-food.com\/de\/wp-json\/wp\/v2\/product\/1894","targetHints":{"allow":["GET"]}}],"collection":[{"href":"https:\/\/aslan-food.com\/de\/wp-json\/wp\/v2\/product"}],"about":[{"href":"https:\/\/aslan-food.com\/de\/wp-json\/wp\/v2\/types\/product"}],"replies":[{"embeddable":true,"href":"https:\/\/aslan-food.com\/de\/wp-json\/wp\/v2\/comments?post=1894"}],"wp:featuredmedia":[{"embeddable":true,"href":"https:\/\/aslan-food.com\/de\/wp-json\/wp\/v2\/media\/947"}],"wp:attachment":[{"href":"https:\/\/aslan-food.com\/de\/wp-json\/wp\/v2\/media?parent=1894"}],"wp:term":[{"taxonomy":"product_brand","embeddable":true,"href":"https:\/\/aslan-food.com\/de\/wp-json\/wp\/v2\/product_brand?post=1894"},{"taxonomy":"product_cat","embeddable":true,"href":"https:\/\/aslan-food.com\/de\/wp-json\/wp\/v2\/product_cat?post=1894"},{"taxonomy":"product_tag","embeddable":true,"href":"https:\/\/aslan-food.com\/de\/wp-json\/wp\/v2\/product_tag?post=1894"}],"curies":[{"name":"wp","href":"https:\/\/api.w.org\/{rel}","templated":true}]}}