{"id":1869,"date":"2025-06-23T14:33:21","date_gmt":"2025-06-23T14:33:21","guid":{"rendered":"https:\/\/aslan-food.com\/sklep\/natuerliche-haselnuesse-gewuerfelt\/"},"modified":"2025-06-23T14:33:21","modified_gmt":"2025-06-23T14:33:21","slug":"natuerliche-haselnuesse-gewuerfelt","status":"publish","type":"product","link":"https:\/\/aslan-food.com\/de\/sklep\/natuerliche-haselnuesse-gewuerfelt\/","title":{"rendered":"Nat\u00fcrliche Haseln\u00fcsse, gew\u00fcrfelt"},"content":{"rendered":"<p>Nat\u00fcrliche Haseln\u00fcsse, gew\u00fcrfelt<\/p>\n<p><b>KALIBRIERUNG<\/b> \u2013 1 bis 12 mm mit Gr\u00f6\u00dfenunterschieden 2, 3, 4 mm<br \/>\n<b>VERPACKUNG<\/b> \u2013 0,5\/1\/2\/5\/10\/12,5\/20\/25 kg Vakuum + Kartons 500\/750\/800\/1000 kg NETTO Big Bags (inneres Nylon)<br \/>\n <b>STANDARDETIKETTIERUNG<\/b> \u2013 Beschreibung, Gr\u00f6\u00dfe, Ernte, Hersteller, Herkunft, Gewicht, Charge, Verfallsdatum, Lagerbedingungen<br \/>\n <b>HALTBARKEIT<\/b> \u2013 12 Monate im Vakuum (Lagerung bei 10-15\u00b0 C, relative Luftfeuchtigkeit max. 65%)<\/p>\n<p>ERH\u00c4LTLICH IM <strong>GROSSHANDEL<\/strong><br \/>\nGro\u00dfhandelskunden wenden sich bitte an unsere Verkaufsabteilung.<\/p>\n<p>&nbsp;<\/p>\n","protected":false},"excerpt":{"rendered":"<p>Nat\u00fcrliche Haseln\u00fcsse, in W\u00fcrfel geschnitten. Gro\u00dfhandel<\/p>\n","protected":false},"featured_media":1027,"comment_status":"closed","ping_status":"closed","template":"","meta":{"_acf_changed":false},"product_brand":[140,34,37],"product_cat":[378],"product_tag":[416,391,409],"class_list":{"0":"post-1869","1":"product","2":"type-product","3":"status-publish","4":"has-post-thumbnail","6":"product_brand-aslan","7":"product_brand-kebok","8":"product_brand-marida","9":"product_cat-nusse-und-trockenfruchte","10":"product_tag-geschnitten","11":"product_tag-haselnusse","12":"product_tag-nusse","14":"first","15":"instock","16":"shipping-taxable","17":"product-type-simple"},"acf":[],"_links":{"self":[{"href":"https:\/\/aslan-food.com\/de\/wp-json\/wp\/v2\/product\/1869","targetHints":{"allow":["GET"]}}],"collection":[{"href":"https:\/\/aslan-food.com\/de\/wp-json\/wp\/v2\/product"}],"about":[{"href":"https:\/\/aslan-food.com\/de\/wp-json\/wp\/v2\/types\/product"}],"replies":[{"embeddable":true,"href":"https:\/\/aslan-food.com\/de\/wp-json\/wp\/v2\/comments?post=1869"}],"wp:featuredmedia":[{"embeddable":true,"href":"https:\/\/aslan-food.com\/de\/wp-json\/wp\/v2\/media\/1027"}],"wp:attachment":[{"href":"https:\/\/aslan-food.com\/de\/wp-json\/wp\/v2\/media?parent=1869"}],"wp:term":[{"taxonomy":"product_brand","embeddable":true,"href":"https:\/\/aslan-food.com\/de\/wp-json\/wp\/v2\/product_brand?post=1869"},{"taxonomy":"product_cat","embeddable":true,"href":"https:\/\/aslan-food.com\/de\/wp-json\/wp\/v2\/product_cat?post=1869"},{"taxonomy":"product_tag","embeddable":true,"href":"https:\/\/aslan-food.com\/de\/wp-json\/wp\/v2\/product_tag?post=1869"}],"curies":[{"name":"wp","href":"https:\/\/api.w.org\/{rel}","templated":true}]}}