{"id":1849,"date":"2025-07-14T10:05:59","date_gmt":"2025-07-14T10:05:59","guid":{"rendered":"https:\/\/aslan-food.com\/sklep\/marida-earl-gray-schwarzer-blatttee\/"},"modified":"2025-07-14T10:05:59","modified_gmt":"2025-07-14T10:05:59","slug":"marida-earl-gray-schwarzer-blatttee","status":"publish","type":"product","link":"https:\/\/aslan-food.com\/de\/sklep\/marida-earl-gray-schwarzer-blatttee\/","title":{"rendered":"Marida EARL GRAY Schwarzer Blatttee"},"content":{"rendered":"<p data-start=\"63\" data-end=\"379\"><strong data-start=\"63\" data-end=\"108\">Marida Earl Grey Black Leaf Tee, 100 g<\/strong><br data-start=\"108\" data-end=\"111\">Eine unverwechselbare, aromatische Komposition aus schwarzem Blatttee mit nat\u00fcrlichem Bergamotte\u00f6l. Der Klassiker Earl Grey von Marida ist ein Angebot f\u00fcr Liebhaber des intensiven Geschmacks und des eleganten Zitrusaromas. Ausgezeichnet sowohl hei\u00df als auch gefroren.  <\/p>\n<p data-start=\"381\" data-end=\"540\">\u2714 Hochwertige Teebl\u00e4tter aus Ceylon (Sri Lanka)<br data-start=\"437\" data-end=\"440\">\u2714 Nat\u00fcrliches Bergamotte-Aroma<br data-start=\"470\" data-end=\"473\">\u2714 Perfekt f\u00fcr Fr\u00fchst\u00fcck, Gesch\u00e4ftstreffen und Ihre t\u00e4gliche Pause<\/p>\n<p data-start=\"542\" data-end=\"612\">Es wird in <strong data-start=\"564\" data-end=\"574\">der HoReCa-Branche<\/strong>, in <strong data-start=\"578\" data-end=\"589\">B\u00fcros<\/strong> und im Heimgebrauch gut funktionieren.<\/p>\n","protected":false},"excerpt":{"rendered":"<p>Marida Earl Grey Black Leaf Tee, 100 g<\/p>\n","protected":false},"featured_media":1159,"comment_status":"closed","ping_status":"closed","template":"","meta":{"_acf_changed":false},"product_brand":[37],"product_cat":[371],"product_tag":[396,397,402,395,394],"class_list":{"0":"post-1849","1":"product","2":"type-product","3":"status-publish","4":"has-post-thumbnail","6":"product_brand-marida","7":"product_cat-tee","8":"product_tag-blatttee","9":"product_tag-ceylon-tee","10":"product_tag-graf-grau","11":"product_tag-schwarzer-tee","12":"product_tag-tee","14":"first","15":"instock","16":"shipping-taxable","17":"purchasable","18":"product-type-simple"},"acf":[],"_links":{"self":[{"href":"https:\/\/aslan-food.com\/de\/wp-json\/wp\/v2\/product\/1849","targetHints":{"allow":["GET"]}}],"collection":[{"href":"https:\/\/aslan-food.com\/de\/wp-json\/wp\/v2\/product"}],"about":[{"href":"https:\/\/aslan-food.com\/de\/wp-json\/wp\/v2\/types\/product"}],"replies":[{"embeddable":true,"href":"https:\/\/aslan-food.com\/de\/wp-json\/wp\/v2\/comments?post=1849"}],"wp:featuredmedia":[{"embeddable":true,"href":"https:\/\/aslan-food.com\/de\/wp-json\/wp\/v2\/media\/1159"}],"wp:attachment":[{"href":"https:\/\/aslan-food.com\/de\/wp-json\/wp\/v2\/media?parent=1849"}],"wp:term":[{"taxonomy":"product_brand","embeddable":true,"href":"https:\/\/aslan-food.com\/de\/wp-json\/wp\/v2\/product_brand?post=1849"},{"taxonomy":"product_cat","embeddable":true,"href":"https:\/\/aslan-food.com\/de\/wp-json\/wp\/v2\/product_cat?post=1849"},{"taxonomy":"product_tag","embeddable":true,"href":"https:\/\/aslan-food.com\/de\/wp-json\/wp\/v2\/product_tag?post=1849"}],"curies":[{"name":"wp","href":"https:\/\/api.w.org\/{rel}","templated":true}]}}