{"id":1844,"date":"2025-07-08T12:34:57","date_gmt":"2025-07-08T12:34:57","guid":{"rendered":"https:\/\/aslan-food.com\/sklep\/sonnenblumenoel\/"},"modified":"2025-07-08T12:34:57","modified_gmt":"2025-07-08T12:34:57","slug":"sonnenblumenoel","status":"publish","type":"product","link":"https:\/\/aslan-food.com\/de\/sklep\/sonnenblumenoel\/","title":{"rendered":"Sonnenblumen\u00f6l"},"content":{"rendered":"<p>Sonnenblumen\u00f6l 5L ist die perfekte Wahl f\u00fcr Catering, gro\u00dfe Familien und alle, die Wert auf Qualit\u00e4t und Effizienz legen.<br data-start=\"444\" data-end=\"447\">Neutraler Geschmack, hoher Rauchpunkt und universell einsetzbar \u2013 Braten, Backen, Salate.<\/p>\n","protected":false},"excerpt":{"rendered":"<p>5L<\/p>\n","protected":false},"featured_media":1142,"comment_status":"closed","ping_status":"closed","template":"","meta":{"_acf_changed":false},"product_brand":[37],"product_cat":[383],"product_tag":[368,401,400,399,356,357,362],"class_list":{"0":"post-1844","1":"product","2":"type-product","3":"status-publish","4":"has-post-thumbnail","6":"product_brand-marida","7":"product_cat-ol-und-ol","8":"product_tag-gesundes-essen","9":"product_tag-kuchepolnisch","10":"product_tag-ol5l","11":"product_tag-sonnenblumenol","12":"product_tag-traditionelle-kuche","13":"product_tag-turkische-kuche","14":"product_tag-veggie","16":"first","17":"instock","18":"shipping-taxable","19":"purchasable","20":"product-type-simple"},"acf":[],"_links":{"self":[{"href":"https:\/\/aslan-food.com\/de\/wp-json\/wp\/v2\/product\/1844","targetHints":{"allow":["GET"]}}],"collection":[{"href":"https:\/\/aslan-food.com\/de\/wp-json\/wp\/v2\/product"}],"about":[{"href":"https:\/\/aslan-food.com\/de\/wp-json\/wp\/v2\/types\/product"}],"replies":[{"embeddable":true,"href":"https:\/\/aslan-food.com\/de\/wp-json\/wp\/v2\/comments?post=1844"}],"wp:featuredmedia":[{"embeddable":true,"href":"https:\/\/aslan-food.com\/de\/wp-json\/wp\/v2\/media\/1142"}],"wp:attachment":[{"href":"https:\/\/aslan-food.com\/de\/wp-json\/wp\/v2\/media?parent=1844"}],"wp:term":[{"taxonomy":"product_brand","embeddable":true,"href":"https:\/\/aslan-food.com\/de\/wp-json\/wp\/v2\/product_brand?post=1844"},{"taxonomy":"product_cat","embeddable":true,"href":"https:\/\/aslan-food.com\/de\/wp-json\/wp\/v2\/product_cat?post=1844"},{"taxonomy":"product_tag","embeddable":true,"href":"https:\/\/aslan-food.com\/de\/wp-json\/wp\/v2\/product_tag?post=1844"}],"curies":[{"name":"wp","href":"https:\/\/api.w.org\/{rel}","templated":true}]}}