{"id":1843,"date":"2025-07-14T10:17:56","date_gmt":"2025-07-14T10:17:56","guid":{"rendered":"https:\/\/aslan-food.com\/sklep\/marida-gruener-blatttee\/"},"modified":"2025-07-14T10:17:56","modified_gmt":"2025-07-14T10:17:56","slug":"marida-gruener-blatttee","status":"publish","type":"product","link":"https:\/\/aslan-food.com\/de\/sklep\/marida-gruener-blatttee\/","title":{"rendered":"Marida gr\u00fcner Blatttee"},"content":{"rendered":"<p data-start=\"98\" data-end=\"410\"><strong data-start=\"98\" data-end=\"134\">Marida Tee mit gr\u00fcnen Bl\u00e4ttern, 100 g<\/strong><br data-start=\"134\" data-end=\"137\">Zarter und frischer gr\u00fcner Tee mit nat\u00fcrlichem Aroma und leicht goldener Farbe des Aufgusses. Sorgf\u00e4ltig ausgew\u00e4hlte Bl\u00e4tter aus Ceylon (Sri Lanka) garantieren hohe Qualit\u00e4t und Genuss bei jedem Schluck. Perfekt als Alltagsgetr\u00e4nk \u2013 hei\u00df oder gek\u00fchlt.  <\/p>\n<p data-start=\"412\" data-end=\"522\">\u2714\ufe0f Blatttee aus Ceylon (Sri Lanka)<br data-start=\"454\" data-end=\"457\">\u2714\ufe0f Nat\u00fcrlicher, milder Geschmack<br data-start=\"483\" data-end=\"486\">\u2714\ufe0f Perfekt zum Trinken w\u00e4hrend des Tages<\/p>\n<p data-start=\"524\" data-end=\"641\">Es wird sich gut im <strong data-start=\"547\" data-end=\"557\">HoReCa-Angebot<\/strong>, <strong data-start=\"561\" data-end=\"571\">im B\u00fcro<\/strong> und im <strong data-start=\"586\" data-end=\"597\">Heimgebrauch<\/strong> eignen \u2013 f\u00fcr Menschen, die Wert auf Leichtigkeit und Nat\u00fcrlichkeit legen.<\/p>\n","protected":false},"excerpt":{"rendered":"<p>Marida Tee mit gr\u00fcnen Bl\u00e4ttern, 100 g<\/p>\n","protected":false},"featured_media":1163,"comment_status":"closed","ping_status":"closed","template":"","meta":{"_acf_changed":false},"product_brand":[37],"product_cat":[371],"product_tag":[396,397,368,398,356],"class_list":{"0":"post-1843","1":"product","2":"type-product","3":"status-publish","4":"has-post-thumbnail","6":"product_brand-marida","7":"product_cat-tee","8":"product_tag-blatttee","9":"product_tag-ceylon-tee","10":"product_tag-gesundes-essen","11":"product_tag-gruner-tee","12":"product_tag-traditionelle-kuche","14":"first","15":"instock","16":"shipping-taxable","17":"purchasable","18":"product-type-simple"},"acf":[],"_links":{"self":[{"href":"https:\/\/aslan-food.com\/de\/wp-json\/wp\/v2\/product\/1843","targetHints":{"allow":["GET"]}}],"collection":[{"href":"https:\/\/aslan-food.com\/de\/wp-json\/wp\/v2\/product"}],"about":[{"href":"https:\/\/aslan-food.com\/de\/wp-json\/wp\/v2\/types\/product"}],"replies":[{"embeddable":true,"href":"https:\/\/aslan-food.com\/de\/wp-json\/wp\/v2\/comments?post=1843"}],"wp:featuredmedia":[{"embeddable":true,"href":"https:\/\/aslan-food.com\/de\/wp-json\/wp\/v2\/media\/1163"}],"wp:attachment":[{"href":"https:\/\/aslan-food.com\/de\/wp-json\/wp\/v2\/media?parent=1843"}],"wp:term":[{"taxonomy":"product_brand","embeddable":true,"href":"https:\/\/aslan-food.com\/de\/wp-json\/wp\/v2\/product_brand?post=1843"},{"taxonomy":"product_cat","embeddable":true,"href":"https:\/\/aslan-food.com\/de\/wp-json\/wp\/v2\/product_cat?post=1843"},{"taxonomy":"product_tag","embeddable":true,"href":"https:\/\/aslan-food.com\/de\/wp-json\/wp\/v2\/product_tag?post=1843"}],"curies":[{"name":"wp","href":"https:\/\/api.w.org\/{rel}","templated":true}]}}