{"id":1729,"date":"2025-03-24T22:27:20","date_gmt":"2025-03-24T22:27:20","guid":{"rendered":"https:\/\/aslan-food.com\/privatsphaere\/"},"modified":"2025-10-06T17:32:04","modified_gmt":"2025-10-06T17:32:04","slug":"privatsphaere","status":"publish","type":"page","link":"https:\/\/aslan-food.com\/de\/privatsphaere\/","title":{"rendered":"Privatsph\u00e4re"},"content":{"rendered":"\n<h3 class=\"wp-block-heading\">\u00a71 Allgemeines<\/h3>\n\n<ol class=\"wp-block-list\">\n<li>Die Website, die unter <a class=\"\" href=\"https:\/\/aslan-food.com\/de\/\">https:\/\/aslan-food.com<\/a> betrieben wird (im Folgenden: die &#8222;Website&#8220;), verwendet Cookies.<\/li>\n\n\n\n<li>Cookies sind IT-Daten, insbesondere Textdateien, die auf dem Endger\u00e4t des Nutzers gespeichert werden und f\u00fcr die Nutzung der Websites der Website bestimmt sind.<\/li>\n\n\n\n<li>Die Stelle, die Cookies auf dem Endger\u00e4t des Nutzers platziert und Zugang zu ihnen erh\u00e4lt, ist der Betreiber der Website \u2013 Aslan Food.<\/li>\n<\/ol>\n\n<hr class=\"wp-block-separator has-alpha-channel-opacity\"\/>\n\n<h3 class=\"wp-block-heading\">\u00a72 Zwecke der Verwendung von Cookies<\/h3>\n\n<ol class=\"wp-block-list\">\n<li>Cookies werden verwendet, um:\n<ul class=\"wp-block-list\">\n<li>Sicherstellung des ordnungsgem\u00e4\u00dfen Betriebs der Website (z. B. Bedienung des Warenkorbs, Login-Sitzung),<\/li>\n\n\n\n<li>Erstellung von Statistiken (z. B. Google Analytics), die helfen zu verstehen, wie Benutzer die Website nutzen,<\/li>\n\n\n\n<li>Anpassung des Inhalts der Website an die Pr\u00e4ferenzen des Benutzers (z. B. Speichern ausgew\u00e4hlter Einstellungen),<\/li>\n\n\n\n<li>Bereitstellung sozialer Funktionen (z.B. Facebook-Plugin, Instagram).<\/li>\n<\/ul>\n<\/li>\n<\/ol>\n\n<hr class=\"wp-block-separator has-alpha-channel-opacity\"\/>\n\n<h3 class=\"wp-block-heading\">\u00a73 Arten von verwendeten Cookies<\/h3>\n\n<p>Es gibt zwei grundlegende Arten von Cookies, die auf der Website verwendet werden:<\/p>\n\n<ul class=\"wp-block-list\">\n<li><strong>Session-Cookies<\/strong> \u2013 tempor\u00e4re Dateien, die auf dem Endger\u00e4t des Benutzers gespeichert werden, bis er sich abmeldet, die Website verl\u00e4sst oder den Browser ausschaltet.<\/li>\n\n\n\n<li><strong>Dauerhafte Cookies<\/strong> \u2013 werden auf dem Endger\u00e4t des Benutzers f\u00fcr den in den Cookie-Parametern angegebenen Zeitraum oder bis zu ihrer L\u00f6schung durch den Benutzer gespeichert.<\/li>\n<\/ul>\n\n<p>Dar\u00fcber hinaus k\u00f6nnen sie unterteilt werden in:<\/p>\n\n<ul class=\"wp-block-list\">\n<li><strong>Notwendige Cookies<\/strong> \u2013 notwendig f\u00fcr den Betrieb der Website (z.B. f\u00fcr den Betrieb des Warenkorbs und des Einkaufsvorgangs).<\/li>\n\n\n\n<li><strong>Analytische Cookies<\/strong> \u2013 sammeln anonyme Informationen dar\u00fcber, wie die Website genutzt wird.<\/li>\n\n\n\n<li><strong>Marketing-Cookies<\/strong> \u2013 erm\u00f6glichen es Ihnen, Anzeigen anzuzeigen, die auf die Pr\u00e4ferenzen des Benutzers zugeschnitten sind (nur wenn Sie Werbetools wie Google Ads, Facebook Pixel usw. verwenden).<\/li>\n<\/ul>\n\n<hr class=\"wp-block-separator has-alpha-channel-opacity\"\/>\n\n<h3 class=\"wp-block-heading\">\u00a74 Verwaltung von Cookies<\/h3>\n\n<ol class=\"wp-block-list\">\n<li>Der Benutzer kann die Einstellungen in Bezug auf Cookies in seinem Webbrowser jederzeit selbstst\u00e4ndig \u00e4ndern.<\/li>\n\n\n\n<li>Diese Einstellungen k\u00f6nnen insbesondere so ge\u00e4ndert werden, dass die automatische Verarbeitung von Cookies blockiert wird oder dass jedes Mal \u00fcber ihre Platzierung auf dem Ger\u00e4t des Nutzers informiert wird.<\/li>\n\n\n\n<li>Die Einschr\u00e4nkung der Verwendung von Cookies kann einige der auf der Website verf\u00fcgbaren Funktionen beeintr\u00e4chtigen.<\/li>\n<\/ol>\n\n<hr class=\"wp-block-separator has-alpha-channel-opacity\"\/>\n\n<h3 class=\"wp-block-heading\">\u00a75 Externe Werkzeuge<\/h3>\n\n<ol class=\"wp-block-list\">\n<li>Die Website kann externe Tools verwenden, die ebenfalls Cookies verwenden k\u00f6nnen, z. B.:\n<ul class=\"wp-block-list\">\n<li>Google Analytics (Analyse von Website-Statistiken),<\/li>\n\n\n\n<li>Meta\/Facebook Pixel (Marketingaktivit\u00e4ten),<\/li>\n\n\n\n<li>Social Plugins (z. B. Share-Buttons).<\/li>\n<\/ul>\n<\/li>\n<\/ol>\n\n<p>Jedes dieser Tools hat seine eigene Datenschutzrichtlinie, die Sie auf den Websites der Anbieter dieser Dienste einsehen k\u00f6nnen.<\/p>\n\n<hr class=\"wp-block-separator has-alpha-channel-opacity\"\/>\n\n<h3 class=\"wp-block-heading\">\u00a76 \u00c4nderungen der Cookie-Richtlinie<\/h3>\n\n<p>Die \u00c4nderungen werden auf der Website der Website zusammen mit dem Datum der Aktualisierung des Dokuments ver\u00f6ffentlicht.<\/p>\n\n<p>Der Website-Betreiber beh\u00e4lt sich das Recht vor, \u00c4nderungen an dieser Cookie-Richtlinie vorzunehmen.<\/p>\n\n<hr class=\"wp-block-separator has-alpha-channel-opacity\"\/>\n\n<h3 class=\"wp-block-heading\">\u00a77 Verarbeitung personenbezogener Daten<\/h3>\n\n<ol class=\"wp-block-list\">\n<li>Der Administrator der personenbezogenen Daten der Benutzer der Website ist Aslan Food Sp. z o.o. mit Sitz in Warschau, Marsza\u0142kowska 84\/92\/119, Kontakt: info@aslan-food.com.  <\/li>\n\n\n\n<li>Die personenbezogenen Daten der Nutzer k\u00f6nnen zu folgenden Zwecken verarbeitet werden:\n<ul class=\"wp-block-list\">\n<li>auf Nachrichten zu antworten, die \u00fcber das Kontaktformular gesendet werden,<\/li>\n\n\n\n<li>Ausf\u00fchrung von Bestellungen, die im Online-Shop aufgegeben werden,<\/li>\n\n\n\n<li>Erf\u00fcllung von Verpflichtungen, die sich aus den gesetzlichen Vorschriften (z. B. Steuern und Buchhaltung) ergeben,<\/li>\n\n\n\n<li>Verfolgung von Anspr\u00fcchen und Abwehr von Anspr\u00fcchen.<\/li>\n<\/ul>\n<\/li>\n\n\n\n<li>Die Angabe personenbezogener Daten ist freiwillig, aber notwendig, um einige der Funktionen der Website zu nutzen (z. B. Senden einer Anfrage, Aufgeben einer Bestellung).<\/li>\n\n\n\n<li>Die Daten d\u00fcrfen nur in dem Umfang an Dritte weitergegeben werden, der zur Erreichung der oben genannten Zwecke erforderlich ist, einschlie\u00dflich:\n<ul class=\"wp-block-list\">\n<li>Unternehmen, die IT- und Hosting-Dienstleistungen erbringen,<\/li>\n\n\n\n<li>Zahlungsbetreiber,<\/li>\n\n\n\n<li>Kurierunternehmen.<\/li>\n<\/ul>\n<\/li>\n\n\n\n<li>Jeder Nutzer hat das Recht, auf seine Daten zuzugreifen, sie zu berichtigen, zu l\u00f6schen, die Verarbeitung einzuschr\u00e4nken, Daten zu \u00fcbertragen und der Verarbeitung zu widersprechen.<\/li>\n\n\n\n<li>Wenn Sie der Meinung sind, dass die Daten unter Versto\u00df gegen die Vorschriften verarbeitet werden, haben Sie das Recht, eine Beschwerde beim Pr\u00e4sidenten des Amtes f\u00fcr den Schutz personenbezogener Daten einzureichen.<\/li>\n\n\n\n<li>Einzelheiten zu den Regeln der Datenverarbeitung im Zusammenhang mit Bestellungen finden Sie in <a href=\"https:\/\/aslan-food.com\/de\/allgemeine-geschaeftsbedingungen-des-aslan-food-store\/\" data-type=\"page\" data-id=\"160\">den Allgemeinen Gesch\u00e4ftsbedingungen des Gesch\u00e4fts.<\/a><\/li>\n<\/ol>\n","protected":false},"excerpt":{"rendered":"<p>\u00a71 Allgemeines \u00a72 Zwecke der Verwendung von Cookies \u00a73 Arten von verwendeten Cookies Es gibt zwei grundlegende Arten von Cookies, die auf der Website verwendet werden: Dar\u00fcber hinaus k\u00f6nnen sie unterteilt werden in: \u00a74 Verwaltung von Cookies \u00a75 Externe Werkzeuge Jedes dieser Tools hat seine eigene Datenschutzrichtlinie, die Sie auf den Websites der Anbieter dieser [&hellip;]<\/p>\n","protected":false},"author":1,"featured_media":0,"parent":0,"menu_order":0,"comment_status":"closed","ping_status":"open","template":"","meta":{"_acf_changed":false,"footnotes":""},"class_list":["post-1729","page","type-page","status-publish","hentry"],"acf":[],"_links":{"self":[{"href":"https:\/\/aslan-food.com\/de\/wp-json\/wp\/v2\/pages\/1729","targetHints":{"allow":["GET"]}}],"collection":[{"href":"https:\/\/aslan-food.com\/de\/wp-json\/wp\/v2\/pages"}],"about":[{"href":"https:\/\/aslan-food.com\/de\/wp-json\/wp\/v2\/types\/page"}],"author":[{"embeddable":true,"href":"https:\/\/aslan-food.com\/de\/wp-json\/wp\/v2\/users\/1"}],"replies":[{"embeddable":true,"href":"https:\/\/aslan-food.com\/de\/wp-json\/wp\/v2\/comments?post=1729"}],"version-history":[{"count":1,"href":"https:\/\/aslan-food.com\/de\/wp-json\/wp\/v2\/pages\/1729\/revisions"}],"predecessor-version":[{"id":1730,"href":"https:\/\/aslan-food.com\/de\/wp-json\/wp\/v2\/pages\/1729\/revisions\/1730"}],"wp:attachment":[{"href":"https:\/\/aslan-food.com\/de\/wp-json\/wp\/v2\/media?parent=1729"}],"curies":[{"name":"wp","href":"https:\/\/api.w.org\/{rel}","templated":true}]}}