{"id":1688,"date":"2025-04-14T11:28:22","date_gmt":"2025-04-14T11:28:22","guid":{"rendered":"https:\/\/aslan-food.com\/kooperation\/"},"modified":"2025-10-06T17:31:19","modified_gmt":"2025-10-06T17:31:19","slug":"kooperation","status":"publish","type":"page","link":"https:\/\/aslan-food.com\/de\/kooperation\/","title":{"rendered":"Kooperation"},"content":{"rendered":"\n<p>Wir bei Aslan Food glauben, dass eine starke Partnerschaft die Grundlage f\u00fcr ein erfolgreiches Unternehmen ist. Aus diesem Grund bieten wir verschiedene Modelle der Zusammenarbeit an, die auf die Bed\u00fcrfnisse unserer Auftragnehmer zugeschnitten sind \u2013 vom Gro\u00dfhandel \u00fcber den Aufbau des Franchise-Netzwerks bis hin zur kundenspezifischen Produktion unter unserer eigenen Marke. <\/p>\n\n<p><strong>B2B-Vertrieb<\/strong><\/p>\n\n<p>Wir arbeiten mit Gro\u00dfh\u00e4ndlern, Gesch\u00e4ften, Einzelhandelsketten und Unternehmen aus dem HoReCa-Bereich zusammen. Wir bieten unseren Partnern ein breites Sortiment an hochwertigen Lebensmitteln \u2013 von Tees und losen Produkten bis hin zu Fertiggerichten und Snacks \u2013 zu attraktiven Preisen, mit einer Garantie f\u00fcr Versorgungskontinuit\u00e4t und gleichbleibende Qualit\u00e4t. <\/p>\n\n<p><strong>Franchise<\/strong><\/p>\n\n<p>F\u00fcr Unternehmer, die an einem vorgefertigten Gesch\u00e4ftsmodell interessiert sind, bieten wir die M\u00f6glichkeit, sich im Rahmen unseres Franchise selbstst\u00e4ndig zu machen. Es handelt sich um ein Konzept, das auf dem Verkauf von Sandwiches und Snacks unter der Marke Kebok basiert \u2013 mit voller operativer, logistischer und Marketingunterst\u00fctzung. Ein Franchise bei Aslan Food ist ein schneller Start und eine echte Chance auf Erfolg in der Lebensmittelindustrie.  <\/p>\n\n<p><strong>Eigenmarke<\/strong><\/p>\n\n<p>Wir bieten auch die M\u00f6glichkeit, ausgew\u00e4hlte Produkte \u2013 wie Tees, H\u00fclsenfr\u00fcchte, Cerealien oder Fertiggerichte \u2013 unter der Eigenmarke des Kunden herzustellen. Wir unterst\u00fctzen Sie umfassend: von der Rezepturentwicklung und Auswahl der Rohstoffe \u00fcber das Verpackungsdesign bis hin zu Produktion und Logistik. Es ist ideal f\u00fcr Unternehmen, die ihre eigene Produktlinie auf den Markt bringen m\u00f6chten, indem sie unsere Erfahrung, Technologie und bew\u00e4hrte Lieferkette nutzen.  <\/p>\n\n<p>Wenn Sie an einer Zusammenarbeit interessiert sind oder die Details des Angebots wissen m\u00f6chten, kontaktieren Sie uns bitte. Gerne erstellen wir Ihnen ein individuelles Angebot, das auf das Profil Ihres Unternehmens zugeschnitten ist. <\/p>\n","protected":false},"excerpt":{"rendered":"<p>Wir bei Aslan Food glauben, dass eine starke Partnerschaft die Grundlage f\u00fcr ein erfolgreiches Unternehmen ist. Aus diesem Grund bieten wir verschiedene Modelle der Zusammenarbeit an, die auf die Bed\u00fcrfnisse unserer Auftragnehmer zugeschnitten sind \u2013 vom Gro\u00dfhandel \u00fcber den Aufbau des Franchise-Netzwerks bis hin zur kundenspezifischen Produktion unter unserer eigenen Marke. B2B-Vertrieb Wir arbeiten mit [&hellip;]<\/p>\n","protected":false},"author":1,"featured_media":0,"parent":0,"menu_order":0,"comment_status":"closed","ping_status":"closed","template":"page-partnership.php","meta":{"_acf_changed":false,"footnotes":""},"class_list":["post-1688","page","type-page","status-publish","hentry"],"acf":[],"_links":{"self":[{"href":"https:\/\/aslan-food.com\/de\/wp-json\/wp\/v2\/pages\/1688","targetHints":{"allow":["GET"]}}],"collection":[{"href":"https:\/\/aslan-food.com\/de\/wp-json\/wp\/v2\/pages"}],"about":[{"href":"https:\/\/aslan-food.com\/de\/wp-json\/wp\/v2\/types\/page"}],"author":[{"embeddable":true,"href":"https:\/\/aslan-food.com\/de\/wp-json\/wp\/v2\/users\/1"}],"replies":[{"embeddable":true,"href":"https:\/\/aslan-food.com\/de\/wp-json\/wp\/v2\/comments?post=1688"}],"version-history":[{"count":1,"href":"https:\/\/aslan-food.com\/de\/wp-json\/wp\/v2\/pages\/1688\/revisions"}],"predecessor-version":[{"id":1689,"href":"https:\/\/aslan-food.com\/de\/wp-json\/wp\/v2\/pages\/1688\/revisions\/1689"}],"wp:attachment":[{"href":"https:\/\/aslan-food.com\/de\/wp-json\/wp\/v2\/media?parent=1688"}],"curies":[{"name":"wp","href":"https:\/\/api.w.org\/{rel}","templated":true}]}}